{"id":2991,"date":"2023-11-30T19:49:08","date_gmt":"2023-11-30T19:49:08","guid":{"rendered":"http:\/\/www.baladre.com\/?page_id=2991"},"modified":"2026-01-12T15:34:56","modified_gmt":"2026-01-12T15:34:56","slug":"2024-galdar-gran-canaria","status":"publish","type":"page","link":"https:\/\/www.baladre.com\/index.php\/2024-galdar-gran-canaria\/","title":{"rendered":"2024 G\u00e0ldar (G.Can\u00e0ria) &#8211; 2025\/26 Sta. Cruz Zarza (Toledo)"},"content":{"rendered":"<p style=\"text-align: justify;\"><strong><span style=\"text-decoration: underline;\"><span style=\"font-size: 12pt;\">Intercanvi cultural del Grup Baladre de Muro i el \u201cGrupo de Coros y Danzas Santa Lucia\u201d de Santa Cruz de la Zarza (Toledo) \u2013 14 i 15\/06\/2025 (en Toledo) &#8211; 17 i 18\/01\/2026 (en Muro).<\/span><\/span><\/strong><\/p>\n<p style=\"text-align: justify;\">El grup de Danses\u00a0<strong>Baladre de Muro viatgem a Santa Cruz de la Zarza<\/strong>\u00a0(Toledo), el cap de setmana del <strong>14 i 15 de juny de 2025<\/strong> i participem en la modalitat d\u2019<strong>intercanvi cultural<\/strong>\u00a0en el seu\u00a0<strong>\u201cIV Festival Nacional de Folklore<\/strong>\u201d el dissabte\u00a0<strong>14 de juny a les 21:00 h.\u00a0<\/strong>en la<strong>\u00a0Casa de la Cultura Amalia Avia<\/strong>\u00a0de Santa Cruz de la Zarza, amb la participaci\u00f3 de:\u00a0<em>Grup de Danses Baladre de Muro, Grupo de Coros y Danzas Amanecer de Villaluenga de la Sagra (Toledo)<\/em>\u00a0i els organitzadors i amfitrions\u00a0<em>Coros y Danzas Santa Luc\u00eda de Santa Cruz de la Zarza (Toledo)<\/em>.<\/p>\n<p style=\"text-align: justify;\"><em>Este \u201c<strong>IV Festival Nacional de Folklore<\/strong>\u201d de\u00a0<strong>Santa Cruz de la Zarza<\/strong>\u00a0t\u00e9 nombroses activitats els dies\u00a0<strong>13 i 14 de juny 2025<\/strong>, com ara cercaviles, inauguracions, taller de pentinats, rutes tur\u00edstiques, exposicions, activitats infantils, menjars populars i el Festival de Folklore. Despr\u00e9s de la finalitzaci\u00f3 de les IV jornades de grups de danses en Santa Cruz de la Zarza, els membres de Baladre nom\u00e9s podem dir que han estat uns dies incre\u00efbles, dies de folklore i tradicions, de molta m\u00fasica i molt de ball, de band\u00farries, castanyoles i guitarres, de cants i molta unitat per part de tot el poble de Santa Cruz i el Grup amfitri\u00f3 Santa Luc\u00eda amb la m\u00fasica i balls de tots els grups participants.<\/em><\/p>\n<table>\n<tbody>\n<tr>\n<td><img loading=\"lazy\" decoding=\"async\" class=\"aligncenter size-large wp-image-5258\" src=\"https:\/\/www.baladre.com\/wp-content\/uploads\/2025\/06\/2025-06-14-IntercanviToledo-850ppp-676x1024.jpg\" sizes=\"auto, (max-width: 676px) 100vw, 676px\" srcset=\"https:\/\/www.baladre.com\/wp-content\/uploads\/2025\/06\/2025-06-14-IntercanviToledo-850ppp-676x1024.jpg 676w, https:\/\/www.baladre.com\/wp-content\/uploads\/2025\/06\/2025-06-14-IntercanviToledo-850ppp-198x300.jpg 198w, https:\/\/www.baladre.com\/wp-content\/uploads\/2025\/06\/2025-06-14-IntercanviToledo-850ppp-768x1164.jpg 768w, https:\/\/www.baladre.com\/wp-content\/uploads\/2025\/06\/2025-06-14-IntercanviToledo-850ppp.jpg 850w\" alt=\"\" width=\"676\" height=\"1024\" \/><\/td>\n<td><img loading=\"lazy\" decoding=\"async\" class=\"aligncenter size-large wp-image-5315\" src=\"https:\/\/www.baladre.com\/wp-content\/uploads\/2025\/06\/2025-06-14-Programa-ZtCruz.Zarza-850ppp-820x1024.jpg\" sizes=\"auto, (max-width: 820px) 100vw, 820px\" srcset=\"https:\/\/www.baladre.com\/wp-content\/uploads\/2025\/06\/2025-06-14-Programa-ZtCruz.Zarza-850ppp-820x1024.jpg 820w, https:\/\/www.baladre.com\/wp-content\/uploads\/2025\/06\/2025-06-14-Programa-ZtCruz.Zarza-850ppp-240x300.jpg 240w, https:\/\/www.baladre.com\/wp-content\/uploads\/2025\/06\/2025-06-14-Programa-ZtCruz.Zarza-850ppp-768x959.jpg 768w, https:\/\/www.baladre.com\/wp-content\/uploads\/2025\/06\/2025-06-14-Programa-ZtCruz.Zarza-850ppp.jpg 900w\" alt=\"\" width=\"820\" height=\"1024\" \/><\/td>\n<\/tr>\n<\/tbody>\n<\/table>\n<p style=\"text-align: justify;\"><strong><span style=\"text-decoration: underline;\"><span style=\"font-size: 12pt;\">Intercanvi cultural del Grup Baladre de Muro i el \u201cGrupo de Coros y Danzas Santa Lucia\u201d de Santa Cruz de la Zarza (Toledo) &#8211; 17 i 18\/01\/2026 en Muro Fireta de St. Antoni i 42 Aplec de Danses.<\/span><\/span><\/strong><\/p>\n<p style=\"text-align: justify;\">El\u00a0<strong>grup d\u2019intercanvi<\/strong>\u00a0toled\u00e0: \u201c<strong>Coros y Danzas Santa Luc\u00eda<\/strong>\u201d de Santa Cruz de la Zarza (Toledo), ens <strong>torna la visita<\/strong>\u00a0al poble de\u00a0<strong>Muro<\/strong>\u00a0en la\u00a0<strong>fireta de St. Antoni<\/strong>\u00a0els dies\u00a0<strong>17 i 18 de gener de 2026<\/strong>, participant en un\u00a0<strong>espectacle<\/strong>\u00a0<strong>conjunt<\/strong>\u00a0amb el Grup Baladre de Muro en el\u00a0<strong>Centre Cultural Polivalent<\/strong>\u00a0el dissabte\u00a0<strong>17 de gener a les 18:30 h<\/strong>. i en el nostre \u201c<strong>XLII Aplec de Danses de la Fireta de St. Antoni<\/strong>\u201d el diumenge\u00a0<strong>18 de gener\u00a0<\/strong>a les<strong> 11:30 h. <\/strong>en la<strong>\u00a0Pla\u00e7a Matzem<\/strong>.<\/p>\n<table style=\"width: 100%;\">\n<tbody>\n<tr>\n<td style=\"text-align: center; vertical-align: middle; width: 50.1017%;\"><img loading=\"lazy\" decoding=\"async\" class=\"aligncenter size-large wp-image-5446\" src=\"https:\/\/www.baladre.com\/wp-content\/uploads\/2025\/12\/Fireta-sant-antoni-muro-2026-850ppp-724x1024.jpg\" alt=\"\" width=\"724\" height=\"1024\" srcset=\"https:\/\/www.baladre.com\/wp-content\/uploads\/2025\/12\/Fireta-sant-antoni-muro-2026-850ppp-724x1024.jpg 724w, https:\/\/www.baladre.com\/wp-content\/uploads\/2025\/12\/Fireta-sant-antoni-muro-2026-850ppp-212x300.jpg 212w, https:\/\/www.baladre.com\/wp-content\/uploads\/2025\/12\/Fireta-sant-antoni-muro-2026-850ppp-768x1087.jpg 768w, https:\/\/www.baladre.com\/wp-content\/uploads\/2025\/12\/Fireta-sant-antoni-muro-2026-850ppp.jpg 850w\" sizes=\"auto, (max-width: 724px) 100vw, 724px\" \/><\/td>\n<td style=\"text-align: center; vertical-align: middle; width: 49.7135%;\"><img loading=\"lazy\" decoding=\"async\" class=\"aligncenter size-large wp-image-5380\" src=\"https:\/\/www.baladre.com\/wp-content\/uploads\/2025\/12\/2026-01-17i18-FiretaSt.AntoniMuro-2850ppp-724x1024.jpg\" alt=\"\" width=\"724\" height=\"1024\" srcset=\"https:\/\/www.baladre.com\/wp-content\/uploads\/2025\/12\/2026-01-17i18-FiretaSt.AntoniMuro-2850ppp-724x1024.jpg 724w, https:\/\/www.baladre.com\/wp-content\/uploads\/2025\/12\/2026-01-17i18-FiretaSt.AntoniMuro-2850ppp-212x300.jpg 212w, https:\/\/www.baladre.com\/wp-content\/uploads\/2025\/12\/2026-01-17i18-FiretaSt.AntoniMuro-2850ppp-768x1086.jpg 768w, https:\/\/www.baladre.com\/wp-content\/uploads\/2025\/12\/2026-01-17i18-FiretaSt.AntoniMuro-2850ppp.jpg 850w\" sizes=\"auto, (max-width: 724px) 100vw, 724px\" \/><\/td>\n<\/tr>\n<\/tbody>\n<\/table>\n<hr \/>\n<p>&nbsp;<\/p>\n<p style=\"text-align: justify;\"><span style=\"text-decoration: underline;\"><span style=\"font-family: 'arial black', sans-serif; font-size: 12pt;\">Intercanvi cultural del Grup Baladre de Muro i \u00abAcataifa ACMF\u00bb illa de Gran Can\u00e0ria (Las Palmas) \u2013 Gener i novembre de 2024 &#8211; 20 i 21\/01\/2024.<\/span><\/span><\/p>\n<p style=\"text-align: justify;\">El Grup\u00a0<strong>Baladre organitzem un intercanvi cultural<\/strong>\u00a0amb el grup de m\u00fasica i ball tradicional:\u00a0<strong>\u201cAcataifa ACMF\u201d\u00a0<\/strong>del poble de<strong>\u00a0G\u00e0ldar<\/strong>\u00a0en l\u2019illa de\u00a0<strong>Gran Can\u00e0ria<\/strong>\u00a0(Las Palmas), situat al nord-oest de l\u2019illa de Gran Can\u00e0ria, a 27 quil\u00f2metres de la capital insular, tocant al nord amb l\u2019oce\u00e0 Atl\u00e0ntic.<\/p>\n<p style=\"text-align: justify;\">El grup\u00a0<strong>Acataifa<\/strong>\u00a0ACMF, ens\u00a0<strong>visita en el poble de Muro<\/strong>, en la nostra\u00a0<strong>Fireta de Sant Antoni del Porquet<\/strong>\u00a0els dies:\u00a0<strong>19, 20 i 21 de gener de 2024<\/strong>. Aquest grup canari representar\u00e0 un\u00a0<strong>espectacle en solitari<\/strong>\u00a0on ens mostraran les m\u00fasiques, balls i tradicions vingudes des de les meravelloses illes afortunades, en concret del poble de G\u00e0ldar en l\u2019illa de Gran Can\u00e0ria,\u00a0<strong>oferint-nos als murers<\/strong>\u00a0i visitants de la fireta, el seu\u00a0<strong>espectacle \u00abSonidos del Alisio\u00bb el dissabte 20 de gener a les 19\u201900 h.<\/strong>\u00a0(aprox.), en el\u00a0<strong>Centre Cultural Polivalent de Muro<\/strong>.<\/p>\n<p style=\"text-align: justify;\">L\u2019endem\u00e0 diumenge\u00a0<strong>dia 21 a les 11&#8217;00 h. del mat\u00ed<\/strong>, el grup<strong>\u00a0Acataifa conjuntament<\/strong>\u00a0amb el Grup\u00a0<strong>Baladre<\/strong>\u00a0i els xirimiters de La Xafig\u00e0\u00a0<strong>participaran<\/strong>\u00a0en el: \u201c<strong>XL Aplec de Danses de la Fireta de Sant Antoni<\/strong>\u201d des de la Pla\u00e7a La Vila fins a la\u00a0<strong>pla\u00e7a Matzem<\/strong>.<\/p>\n<table>\n<tbody>\n<tr>\n<td style=\"text-align: center; vertical-align: middle;\"><img loading=\"lazy\" decoding=\"async\" class=\"aligncenter size-large wp-image-5078\" src=\"https:\/\/www.baladre.com\/wp-content\/uploads\/2023\/12\/2024-01-20-Fireta-EspectacleCanarie-850ppp-724x1024.jpg\" alt=\"\" width=\"724\" height=\"1024\" srcset=\"https:\/\/www.baladre.com\/wp-content\/uploads\/2023\/12\/2024-01-20-Fireta-EspectacleCanarie-850ppp-724x1024.jpg 724w, https:\/\/www.baladre.com\/wp-content\/uploads\/2023\/12\/2024-01-20-Fireta-EspectacleCanarie-850ppp-212x300.jpg 212w, https:\/\/www.baladre.com\/wp-content\/uploads\/2023\/12\/2024-01-20-Fireta-EspectacleCanarie-850ppp-768x1086.jpg 768w, https:\/\/www.baladre.com\/wp-content\/uploads\/2023\/12\/2024-01-20-Fireta-EspectacleCanarie-850ppp.jpg 850w\" sizes=\"auto, (max-width: 724px) 100vw, 724px\" \/><\/td>\n<td style=\"text-align: center; vertical-align: middle;\"><img loading=\"lazy\" decoding=\"async\" class=\"aligncenter size-large wp-image-5077\" src=\"https:\/\/www.baladre.com\/wp-content\/uploads\/2023\/12\/2024-01-20-Fireta-AplecDanses-850ppp-1-724x1024.jpg\" alt=\"\" width=\"724\" height=\"1024\" srcset=\"https:\/\/www.baladre.com\/wp-content\/uploads\/2023\/12\/2024-01-20-Fireta-AplecDanses-850ppp-1-724x1024.jpg 724w, https:\/\/www.baladre.com\/wp-content\/uploads\/2023\/12\/2024-01-20-Fireta-AplecDanses-850ppp-1-212x300.jpg 212w, https:\/\/www.baladre.com\/wp-content\/uploads\/2023\/12\/2024-01-20-Fireta-AplecDanses-850ppp-1-768x1086.jpg 768w, https:\/\/www.baladre.com\/wp-content\/uploads\/2023\/12\/2024-01-20-Fireta-AplecDanses-850ppp-1.jpg 850w\" sizes=\"auto, (max-width: 724px) 100vw, 724px\" \/><\/td>\n<\/tr>\n<\/tbody>\n<\/table>\n<hr \/>\n<p>&nbsp;<\/p>\n<p style=\"text-align: justify;\"><span style=\"text-decoration: underline;\"><span style=\"font-family: 'arial black', sans-serif; font-size: 12pt;\">Intercanvi cultural del Grup Baladre de Muro i \u00abAcataifa ACMF\u00bb illa de Gran Can\u00e0ria (Las Palmas) \u2013 Gener i novembre de 2024 &#8211; 02\/11\/2024.<\/span><\/span><\/p>\n<p style=\"text-align: justify;\">El Grup de Danses\u00a0<strong style=\"font-style: inherit;\">Baladre, tornem la vista<\/strong>\u00a0als amics del grup<strong style=\"font-style: inherit;\">\u00a0Acataifa\u00a0<\/strong>en el poble de<strong style=\"font-style: inherit;\">\u00a0G\u00e0ldar\u00a0<\/strong>(Gran Can\u00e0ria), en el mes de\u00a0<strong style=\"font-style: inherit;\">novembre de 2024 els dies 1, 2 i 3\u00a0<\/strong>en el pont de<strong style=\"font-style: inherit;\">\u00a0Tots Sants<\/strong>, on mostrarem als canaris les m\u00fasiques, balls i tradicions de les nostres comarques valencianes, representant el nostre nou <strong>espectacle: \u201cL\u2019Esquell\u00e0\u201d,<\/strong> i que oferirem al p\u00fablic canari participant en el seu aplec \u00ab<strong>VII\u00a0<span class=\"hiddenSpellError\">NOCHE<\/span>\u00a0DE\u00a0<span class=\"hiddenSpellError\">TRADICIONES<\/span><\/strong>\u00ab, en el <strong>Teatre Consistorial de\u00a0<span class=\"hiddenSpellError\">G\u00e0ldar<\/span><\/strong>\u00a0el dissabte <strong>2 de novembre a les 19,00h.<\/strong>\u00a0al costat del grup local A.C.M.F.\u00a0Acataifa.<\/p>\n<p style=\"text-align: justify;\"><span style=\"color: #800000;\"><em>\u201cL\u2019Esquell\u00e0\u201d \u00e9s la paraula amb la qual s\u2019anomena a la nostra terra la manera de fer soroll amb les esquelles (campanes xicotetes) per\u00f2 m\u00e9s concretament, \u00abl\u2019esquell\u00e0\u00bb (o esquellotada) fa refer\u00e8ncia a l\u2019acte burlesc i festiu que li preparen a una v\u00eddua o vidu quan es torna a casar.<\/em><\/span><\/p>\n<table style=\"border-collapse: collapse; width: 100%;\">\n<tbody>\n<tr>\n<td style=\"width: 50%; text-align: center; vertical-align: middle;\"><img loading=\"lazy\" decoding=\"async\" class=\"aligncenter size-large wp-image-5084\" src=\"https:\/\/www.baladre.com\/wp-content\/uploads\/2025\/04\/2024-11-02-Baladre-a-Galdar-850ppp-724x1024.jpg\" alt=\"\" width=\"724\" height=\"1024\" srcset=\"https:\/\/www.baladre.com\/wp-content\/uploads\/2025\/04\/2024-11-02-Baladre-a-Galdar-850ppp-724x1024.jpg 724w, https:\/\/www.baladre.com\/wp-content\/uploads\/2025\/04\/2024-11-02-Baladre-a-Galdar-850ppp-212x300.jpg 212w, https:\/\/www.baladre.com\/wp-content\/uploads\/2025\/04\/2024-11-02-Baladre-a-Galdar-850ppp-768x1086.jpg 768w, https:\/\/www.baladre.com\/wp-content\/uploads\/2025\/04\/2024-11-02-Baladre-a-Galdar-850ppp.jpg 850w\" sizes=\"auto, (max-width: 724px) 100vw, 724px\" \/><\/td>\n<td style=\"width: 50%; text-align: center; vertical-align: middle;\"><img loading=\"lazy\" decoding=\"async\" class=\"aligncenter size-large wp-image-5085\" src=\"https:\/\/www.baladre.com\/wp-content\/uploads\/2025\/04\/2024-11-02-Baladre-Galdar-ESQUELLA-850ppp-724x1024.jpg\" alt=\"\" width=\"724\" height=\"1024\" srcset=\"https:\/\/www.baladre.com\/wp-content\/uploads\/2025\/04\/2024-11-02-Baladre-Galdar-ESQUELLA-850ppp-724x1024.jpg 724w, https:\/\/www.baladre.com\/wp-content\/uploads\/2025\/04\/2024-11-02-Baladre-Galdar-ESQUELLA-850ppp-212x300.jpg 212w, https:\/\/www.baladre.com\/wp-content\/uploads\/2025\/04\/2024-11-02-Baladre-Galdar-ESQUELLA-850ppp-768x1086.jpg 768w, https:\/\/www.baladre.com\/wp-content\/uploads\/2025\/04\/2024-11-02-Baladre-Galdar-ESQUELLA-850ppp.jpg 850w\" sizes=\"auto, (max-width: 724px) 100vw, 724px\" \/><\/td>\n<\/tr>\n<\/tbody>\n<\/table>\n<p style=\"text-align: justify;\"><strong>Historia: <\/strong>La asociaci\u00f3n surge de las actividades del Casino de G\u00e1ldar promocionando la m\u00fasica y el folclore. Inicia su andadura con el cuerpo de baile en el a\u00f1o 2015.El grupo de toque comienza su formaci\u00f3n a principios del a\u00f1o 2019 una vez constituida oficialmente la asociaci\u00f3n. Actualmente la asociaci\u00f3n tiene su sede social en el Casino de G\u00e1ldar donde ensayan habitualmente tanto el grupo de toque como el cuerpo de baile.<\/p>\n<p style=\"text-align: center;\"><strong>Nombre de la Agrupaci\u00f3n:<\/strong>\u00a0ACMF ACATAIFA<br \/>\n<strong>Tipo de Agrupaci\u00f3n:<\/strong>\u00a0Cultural, musical y folcl\u00f3rica<br \/>\n<strong>Fecha de Creaci\u00f3n:<\/strong>\u00a019 de noviembre de 2018<br \/>\n<strong>Lugar de procedencia:<\/strong>\u00a0G\u00e1ldar<\/p>\n<p style=\"text-align: center;\"><span style=\"color: #3366ff;\"><a style=\"color: #3366ff;\" href=\"https:\/\/www.fafgc.org\/grupos\/a-f-acataifa\/\">https:\/\/www.fafgc.org\/grupos\/a-f-acataifa\/<\/a><\/span><\/p>\n<hr \/>\n","protected":false},"excerpt":{"rendered":"<p>Intercanvi cultural del Grup Baladre de Muro i el \u201cGrupo de Coros y Danzas Santa Lucia\u201d de Santa Cruz de la Zarza (Toledo) \u2013 14 i 15\/06\/2025 (en Toledo) &#8211; 17 i 18\/01\/2026 (en Muro). El grup de Danses\u00a0Baladre de Muro viatgem a Santa Cruz de la Zarza\u00a0(Toledo), el cap de setmana del 14 i 15 de juny de 2025<\/p>\n","protected":false},"author":2,"featured_media":0,"parent":0,"menu_order":16,"comment_status":"closed","ping_status":"closed","template":"","meta":{"footnotes":""},"class_list":["post-2991","page","type-page","status-publish","hentry"],"psp_head":"<title>2024 G\u00e0ldar (G.Can\u00e0ria) - 2025\/26 Sta. Cruz Zarza (Toledo) \u2013 GRUP DE DANSES BALADRE<\/title>\r\n<meta name=\"description\" content=\"Intercanvi cultural del Grup Baladre de Muro i el \u201cGrupo de Coros y Danzas Santa Lucia\u201d de Santa Cruz de la Zarza (Toledo) \u2013 14 i 15\/06\/2025 (en Toledo) - 17 i 18\/01\/2026 (en Muro). El grup de Danses\u00a0Baladre de Muro viatgem a Santa Cruz de la Zarza\u00a0(Toledo), el cap de setmana del 14 i 15 de juny de 2025 i participem en la modalitat d\u2019intercanvi cultural\u00a0en el seu\u00a0\u201cIV Festival Nacional de Folklore\u201d el dissabte\u00a014 de juny a les 21:00 h.\" \/>\r\n<meta name=\"robots\" content=\"index,follow\" \/>\r\n<link rel=\"canonical\" href=\"https:\/\/www.baladre.com\/index.php\/2024-galdar-gran-canaria\/\" \/>\r\n","_links":{"self":[{"href":"https:\/\/www.baladre.com\/index.php\/wp-json\/wp\/v2\/pages\/2991","targetHints":{"allow":["GET"]}}],"collection":[{"href":"https:\/\/www.baladre.com\/index.php\/wp-json\/wp\/v2\/pages"}],"about":[{"href":"https:\/\/www.baladre.com\/index.php\/wp-json\/wp\/v2\/types\/page"}],"author":[{"embeddable":true,"href":"https:\/\/www.baladre.com\/index.php\/wp-json\/wp\/v2\/users\/2"}],"replies":[{"embeddable":true,"href":"https:\/\/www.baladre.com\/index.php\/wp-json\/wp\/v2\/comments?post=2991"}],"version-history":[{"count":28,"href":"https:\/\/www.baladre.com\/index.php\/wp-json\/wp\/v2\/pages\/2991\/revisions"}],"predecessor-version":[{"id":5452,"href":"https:\/\/www.baladre.com\/index.php\/wp-json\/wp\/v2\/pages\/2991\/revisions\/5452"}],"wp:attachment":[{"href":"https:\/\/www.baladre.com\/index.php\/wp-json\/wp\/v2\/media?parent=2991"}],"curies":[{"name":"wp","href":"https:\/\/api.w.org\/{rel}","templated":true}]}}