{"id":26,"date":"2023-11-04T20:20:20","date_gmt":"2023-11-04T20:20:20","guid":{"rendered":"http:\/\/hseiilc.cluster028.hosting.ovh.net\/?page_id=26"},"modified":"2025-04-18T14:17:59","modified_gmt":"2025-04-18T14:17:59","slug":"els-inicis","status":"publish","type":"page","link":"https:\/\/www.baladre.com\/index.php\/els-inicis\/","title":{"rendered":"ELS INICIS"},"content":{"rendered":"<p style=\"text-align: justify;\"><span style=\"font-family: arial, helvetica, sans-serif;\"><b><span lang=\"ca\"><span style=\"font-size: 14pt;\">\u00a0 <u>Els inicis:<\/u><\/span><\/span><\/b><\/span><span lang=\"CA\" style=\"font-size: 12pt;\"><span style=\"font-family: Arial;\"><br \/>\n\u00ab<b>Baladre<\/b>\u00bb comen\u00e7a el seu cam\u00ed com a Grup a partir de l&#8217;any <strong>1979-<\/strong><b>1980<\/b>\u00a0quan alguns grups d&#8217;amics es plantegen la tasca de recuperar les danses, la m\u00fasica i la cultura popular que va restant en l&#8217;oblit i d&#8217;iniciar una tasca de dignificaci\u00f3 del patrimoni cultural.<\/span><\/span><\/p>\n<p style=\"text-align: center;\"><i><span style=\"color: #000080; font-family: Arial;\"><strong><img loading=\"lazy\" decoding=\"async\" class=\"aligncenter wp-image-210 size-full\" src=\"http:\/\/www.baladre.com\/wp-content\/uploads\/2023\/11\/Baladre-inicis1982.jpg\" alt=\"\" width=\"600\" height=\"442\" srcset=\"https:\/\/www.baladre.com\/wp-content\/uploads\/2023\/11\/Baladre-inicis1982.jpg 600w, https:\/\/www.baladre.com\/wp-content\/uploads\/2023\/11\/Baladre-inicis1982-300x221.jpg 300w\" sizes=\"auto, (max-width: 600px) 100vw, 600px\" \/><\/strong><\/span><\/i><\/p>\n<p style=\"text-align: center;\"><i><span style=\"color: #000080; font-family: Arial;\"><strong>Danses de Pal\u00e0cio principis dels anys 80, este grup de joves amics s\u00f3n els encarregats de recuperar les danses de Muro amb l&#8217;ajuda de la gent major<\/strong> (seguts en la foto),<strong> que encara se&#8217;n recordaven de la dans\u00e0 i que despr\u00e9s en 1981 formarien el Grup de Danses de Muro.<\/strong><\/span><\/i><\/p>\n<p style=\"text-align: justify;\"><span style=\"font-size: 12pt;\"><span style=\"font-size: 14pt; font-family: arial, helvetica, sans-serif;\"><b><span lang=\"ca\">\u00a0 <u>Recuperaci\u00f3 de la \u00abDans\u00e0\u00bb de Palacio:<\/u><\/span><\/b><\/span><span lang=\"ca\"><span style=\"font-family: Arial;\"><br \/>\nLa primera preocupaci\u00f3 de la gent del grup, juntament amb altres ve\u00efns, va ser\u00a0 <strong>rescatar<\/strong> de l&#8217;oblit <strong>la Festa de la dans\u00e0<\/strong> que s&#8217;havia celebrat tradicionalment en temps de la collita del blat, al Palau de la Senyoria i al voltant de <strong>la festa del Corpus<\/strong> (dissabte de Corpus) des de temps medievals. Aquesta festa que s&#8217;iniciava alguns dies abans, culminava el dissabte de Corpus quan els balladors eixien del Sant\u00edssim (La G\u00e0bia) al so de la dol\u00e7aina i el tabal, fent el ball de la \u00abdans\u00e0 de la cadena\u00bb, per arribar a la Pla\u00e7a i seguir la festa ballant jotes, fandangos i follies mentre la gent tingueren gana de festa.<br \/>\nAvui a la dans\u00e0 de Muro, hi participen totes aquelles entitats i ve\u00efns que vulguem aportar el seu gra, ja que s&#8217;ha aconseguit que siga la festa de tots. Aquesta festa es troba normalitzada al calendari anual de festes de Muro: \u00abLa Dans\u00e0 Popular al carrer Palacio al mes de juny\u00bb.<\/span><\/span><\/span><\/p>\n<hr \/>\n<p>&nbsp;<\/p>\n<p style=\"text-align: justify;\"><span style=\"font-size: 12pt;\"><span style=\"font-size: 14pt; font-family: arial, helvetica, sans-serif;\"><b><span lang=\"ca\">\u00a0 <u>Hist\u00f2ria:<br \/>\n<\/u><\/span><\/b><\/span><\/span><span style=\"font-family: arial, helvetica, sans-serif; font-size: 12pt;\">All\u00e0 per l\u2019any <strong>1979-1980<\/strong>, un grup d\u2019amics llen\u00e7a el projecte que va veure la llum <strong>l\u2019any 1981 en formar el grup de danses BALADRE<\/strong> de Muro.\u00a0 El grup naix amb la idea de retrobar el folklore i les <strong>tradicions lligades al nostre poble i les seues festes<\/strong>. A partir d&#8217;ac\u00ed el nostre grup, comen\u00e7a a cr\u00e9ixer en nombre de gent i en activitats, incrementant-les amb noves propostes. <strong>En l&#8217;actualitat, el nostre grup consta d&#8217;uns 40 membres<\/strong>, que treballen amb il\u00b7lusi\u00f3 i esfor\u00e7 en la recerca, documentaci\u00f3, conservaci\u00f3 i difusi\u00f3 de les m\u00fasiques, els balls i les tradicions populars que ens s\u00f3n pr\u00f2pies.<\/span><br \/>\n<span style=\"font-family: arial, helvetica, sans-serif; font-size: 12pt;\"><strong>El treball<\/strong> del grup se centra en la <strong>cultura tradicional de les comarques del Sud del Pa\u00eds Valenci\u00e0<\/strong>, situat al litoral Mediterrani que pertany a la zona catalanoparlant i amb una cultura pr\u00f2pia i diferenciada.<\/span><br \/>\n<span style=\"font-family: arial, helvetica, sans-serif; font-size: 12pt;\">El <strong>repertori<\/strong> del grup consta b\u00e0sicament dels <strong>balls i les tradicions musicals de la localitat de Muro i les comarques ve\u00efnes<\/strong>. La m\u00fasica de les Comarques del Sud del Pa\u00eds Valenci\u00e0, presenta una rica varietat que abasta des de Jotes a Seguidilles, passant per variants de l\u2019U, boleros i fandangos.<\/span><br \/>\n<span style=\"font-family: arial, helvetica, sans-serif; font-size: 12pt;\">El grup t\u00e9 com a missi\u00f3 recuperar i transmetre les m\u00fasiques, can\u00e7ons i balls que estan en perill de restar en l\u2019oblit.<\/span><\/p>\n<p style=\"text-align: justify;\"><span style=\"font-size: 12pt;\"><strong><span style=\"text-decoration: underline;\">CRONOLOGIA DE LA FORMACI\u00d3 DEL GRUP I ALTRES CURIOSITATS:<\/span><br \/>\n<\/strong><\/span><strong>Any 1980<\/strong>, este any\u00a0<strong>NO hi ha grup de danses encara<\/strong>\u00a0en el poble de Muro, per\u00f2 s\u00ed que hi ha un\u00a0<strong>grup de joves amics<\/strong>\u00a0que es reuneixen i\u00a0<strong>recuperen les danses<\/strong>\u00a0i els balls de Muro a la Pla\u00e7a de \u00abPal\u00e0cio\u00bb, a m\u00e9s cal dir que el\u00a0<strong>Grup de Danses de Muro<\/strong>, es\u00a0<strong>va consolidar<\/strong>\u00a0com a grup a partir de les\u00a0<strong>danses de Pal\u00e0cio de juny 1981<\/strong>\u00a0amb el nom de: \u00ab<strong>Grup de Danses de Muro<\/strong>\u00bb\u00a0<strong>fins a<\/strong>\u00a0la\u00a0<strong>Fireta<\/strong>\u00a0de gener de\u00a0<strong>1986<\/strong>. En les Danses de Pal\u00e0cio de\u00a0<strong>juny de 1986<\/strong>\u00a0i la 1\u00aa Exposici\u00f3 d\u2019Indument\u00e0ria\u00a0<strong>passa a dir-se: \u00abGrup l\u2019Almoroig de Danses i Cultura Popular\u00bb<\/strong>. En la\u00a0<strong>Fireta de St. Antoni de 1988 canvia el nom<\/strong>\u00a0definitivament a:\u00a0<strong>Grup de Danses Baladre.<\/strong><\/p>\n<hr \/>\n<p>&nbsp;<\/p>\n<p style=\"text-align: justify;\"><span style=\"font-size: 14pt;\"><strong>\u00a0 <span style=\"text-decoration: underline; font-family: arial, helvetica, sans-serif;\">La nostra activitat cultural:<\/span><\/strong><\/span><\/p>\n<table style=\"border-collapse: collapse; width: 100%;\">\n<tbody>\n<tr>\n<td style=\"width: 50%;\"><img loading=\"lazy\" decoding=\"async\" class=\"aligncenter wp-image-299 size-full\" src=\"http:\/\/www.baladre.com\/wp-content\/uploads\/2023\/11\/taller2003.jpg\" alt=\"\" width=\"400\" height=\"268\" srcset=\"https:\/\/www.baladre.com\/wp-content\/uploads\/2023\/11\/taller2003.jpg 400w, https:\/\/www.baladre.com\/wp-content\/uploads\/2023\/11\/taller2003-300x201.jpg 300w\" sizes=\"auto, (max-width: 400px) 100vw, 400px\" \/><\/td>\n<td style=\"width: 50%;\"><img loading=\"lazy\" decoding=\"async\" class=\"aligncenter wp-image-300 \" src=\"http:\/\/www.baladre.com\/wp-content\/uploads\/2023\/11\/Almoroig-15-03-03.jpg\" alt=\"\" width=\"464\" height=\"309\" \/><\/td>\n<\/tr>\n<\/tbody>\n<\/table>\n<p style=\"text-align: justify;\"><span style=\"color: #000000; font-family: arial, helvetica, sans-serif; font-size: 12pt;\"><em>-Investigaci\u00f3, recuperaci\u00f3 i aprenentatge de balls i can\u00e7ons.<\/em><\/span><\/p>\n<p style=\"text-align: justify;\"><span style=\"color: #000000; font-family: arial, helvetica, sans-serif; font-size: 12pt;\"><em>-Estudis i exposicions d&#8217;indument\u00e0ria antiga i etnografia.<\/em><\/span><\/p>\n<p style=\"text-align: justify;\"><span style=\"color: #000000; font-family: arial, helvetica, sans-serif; font-size: 12pt;\"><em>-Escola Municipal de Danses.<\/em><\/span><\/p>\n<p style=\"text-align: justify;\"><span style=\"color: #000000; font-family: arial, helvetica, sans-serif; font-size: 12pt;\"><em>-Participaci\u00f3 en trobades i festivals folkl\u00f2rics.<\/em><\/span><\/p>\n<p style=\"text-align: justify;\"><span style=\"color: #000000; font-family: arial, helvetica, sans-serif; font-size: 12pt;\"><em>-Confer\u00e8ncies divulgatives.<\/em><\/span><\/p>\n<p style=\"text-align: justify;\"><span style=\"color: #000000; font-family: arial, helvetica, sans-serif; font-size: 12pt;\"><em>-Tallers de dansa, balls de process\u00f3, i balls participatius.<\/em><\/span><\/p>\n<p style=\"text-align: justify;\"><span style=\"color: #000000; font-family: arial, helvetica, sans-serif; font-size: 12pt;\"><em>-Actuacions teatralitzades amb espectacle propi.<\/em><\/span><\/p>\n<p style=\"text-align: justify;\"><span style=\"color: #000000; font-family: arial, helvetica, sans-serif; font-size: 12pt;\"><em>-Rondalla Baladre: Balls col\u00b7lectius, participatius.<\/em><\/span><\/p>\n<p style=\"text-align: justify;\"><span style=\"color: #000000; font-family: arial, helvetica, sans-serif; font-size: 12pt;\"><em>-Rondalla Baladre: Rodes de fadr\u00ed i cerim\u00f2nies civils i religioses.<\/em><\/span><\/p>\n<p style=\"text-align: justify;\"><span style=\"color: #000000; font-family: arial, helvetica, sans-serif; font-size: 12pt;\"><em>-Rondalla Baladre: Col\u00b7laboracions amb altres grups de danses.<\/em><\/span><\/p>\n<p style=\"text-align: justify;\"><span style=\"color: #000000; font-family: arial, helvetica, sans-serif; font-size: 12pt;\"><em>-Rondalla Baladre:\u00a0 Cant d&#8217;estil (albaes, versaes).<\/em><\/span><\/p>\n<p style=\"text-align: justify;\"><span style=\"color: #000000; font-family: arial, helvetica, sans-serif; font-size: 12pt;\"><em>-Intercanvis en altres grups.<\/em><\/span><\/p>\n<hr \/>\n<p>&nbsp;<\/p>\n<p><span style=\"font-size: 14pt;\"><strong>\u00a0 <span style=\"text-decoration: underline; font-family: arial, helvetica, sans-serif;\">Intercanvis amb altres grups:<\/span><\/strong><\/span><\/p>\n<p><span style=\"font-size: 12pt; font-family: arial, helvetica, sans-serif;\"><strong>2024\u00a0 \u00a0 <\/strong>\u00a0 \u00a0G\u00e0ldar (Gran Can\u00e0ria).<\/span><\/p>\n<p><span style=\"font-size: 12pt; font-family: arial, helvetica, sans-serif;\"><strong>2016\/17<\/strong>\u00a0 Ciutat d&#8217;Eivissa.<\/span><\/p>\n<p><span style=\"font-size: 12pt; font-family: arial, helvetica, sans-serif;\"><strong>2014\/15<\/strong>\u00a0 Ferreries (Menorca).<\/span><\/p>\n<p><span style=\"font-size: 12pt; font-family: arial, helvetica, sans-serif;\"><strong>2013\/14<\/strong>\u00a0 L&#8217;Alguenya (Alacant).<\/span><\/p>\n<p><span style=\"font-size: 12pt; font-family: arial, helvetica, sans-serif;\"><strong>2011\/12<\/strong>\u00a0 Manresa (Catalunya).<\/span><\/p>\n<p><span style=\"font-size: 12pt; font-family: arial, helvetica, sans-serif;\"><strong>2010\/11<\/strong>\u00a0 Getxo (Pa\u00eds Basc).<\/span><\/p>\n<p><span style=\"font-size: 12pt; font-family: arial, helvetica, sans-serif;\"><strong>2009\/10<\/strong>\u00a0 Intercanvi i futur agermanament amb MURO de Mallorca.<\/span><\/p>\n<p><span style=\"font-size: 12pt; font-family: arial, helvetica, sans-serif;\"><strong>2009\/10<\/strong>\u00a0 Albacete i Valdepe\u00f1as (Ciudad Real).<\/span><\/p>\n<p><span style=\"font-size: 12pt; font-family: arial, helvetica, sans-serif;\"><strong>2008<\/strong>\u00a0 \u00a0 \u00a0 \u00a0Alguazas (M\u00farcia).<\/span><\/p>\n<p><span style=\"font-size: 12pt; font-family: arial, helvetica, sans-serif;\"><strong>2005\/06\u00a0<\/strong> Sztum (Pol\u00f2nia).<\/span><\/p>\n<p><span style=\"font-size: 12pt; font-family: arial, helvetica, sans-serif;\"><strong>2002\/04<\/strong>\u00a0 Tembleque (Toledo).<\/span><\/p>\n<p><span style=\"font-size: 12pt; font-family: arial, helvetica, sans-serif;\"><strong>2002\u00a0<\/strong> \u00a0 \u00a0 \u00a0San Miguel de Reinante (Gal\u00edcia).<\/span><\/p>\n<p><span style=\"font-size: 12pt; font-family: arial, helvetica, sans-serif;\"><strong>2001\/03<\/strong>\u00a0 Barcelona.<\/span><\/p>\n<p><span style=\"font-size: 12pt; font-family: arial, helvetica, sans-serif;\"><strong>2000\/01<\/strong>\u00a0 Alenquer (Portugal).<\/span><\/p>\n<p><span style=\"font-size: 12pt; font-family: arial, helvetica, sans-serif;\"><strong>1999\/00<\/strong>\u00a0 S\u00f3n Ferriol (Mallorca).<\/span><\/p>\n<p><span style=\"font-size: 12pt; font-family: arial, helvetica, sans-serif;\"><strong>1998\/99<\/strong>\u00a0 Klanxb\u00fcll (Alemanya).<\/span><\/p>\n<p><span style=\"font-size: 12pt; font-family: arial, helvetica, sans-serif;\"><strong>1997\/98<\/strong>\u00a0 Fragneto L&#8217;Abate (It\u00e0lia).<\/span><\/p>\n<p><span style=\"font-size: 12pt; font-family: arial, helvetica, sans-serif;\"><strong>1994\/95<\/strong>\u00a0 Saint Tropez (Fran\u00e7a).<\/span><\/p>\n<p><span style=\"font-size: 12pt; font-family: arial, helvetica, sans-serif;\"><strong>1989\/90<\/strong>\u00a0 Fragneto di monforte (It\u00e0lia).<\/span><\/p>\n<p><span style=\"font-size: 12pt; font-family: arial, helvetica, sans-serif;\"><em>Aix\u00ed com la participaci\u00f3 en m\u00faltiples festivals i trobades al llarg i ample de la pen\u00ednsula<\/em>.<\/span><\/p>\n<hr \/>\n<p>&nbsp;<\/p>\n<p><span style=\"font-family: arial, helvetica, sans-serif; font-size: 14pt;\"><strong>\u00a0 <\/strong><\/span><span style=\"text-decoration: underline; font-family: arial, helvetica, sans-serif; font-size: 14pt;\"><strong>Actuacions amb espectacle propi:<\/strong><\/span><\/p>\n<p><span style=\"font-family: arial, helvetica, sans-serif; font-size: 12pt;\"><strong>2024<\/strong> L&#8217;Esquell\u00e0.<\/span><\/p>\n<p><span style=\"font-family: arial, helvetica, sans-serif; font-size: 12pt;\"><strong>2019<\/strong> Entre el Cel i l&#8217;Infern.<\/span><\/p>\n<p><span style=\"font-family: arial, helvetica, sans-serif; font-size: 12pt;\"><strong>2017<\/strong> Fil per Randa.<\/span><\/p>\n<p><span style=\"font-family: arial, helvetica, sans-serif; font-size: 12pt;\"><strong>2013<\/strong> Els Cecs Romancers.<\/span><\/p>\n<p><span style=\"font-family: arial, helvetica, sans-serif; font-size: 12pt;\"><strong>2013<\/strong> Sarau Mediterrani.<\/span><\/p>\n<p><span style=\"font-family: arial, helvetica, sans-serif; font-size: 12pt;\"><strong>2013<\/strong> Les Danses.<\/span><\/p>\n<p><span style=\"font-family: arial, helvetica, sans-serif; font-size: 12pt;\"><strong>2011<\/strong> Ronda de Fadrins.<\/span><\/p>\n<p><span style=\"font-family: arial, helvetica, sans-serif; font-size: 12pt;\"><strong><span lang=\"CA\">2009 <\/span><\/strong><span lang=\"CA\">Botifarra i un pessiguet de Baladre.<\/span><\/span><\/p>\n<p><span style=\"font-family: arial, helvetica, sans-serif; font-size: 12pt;\"><strong>2008<\/strong> Balls i Can\u00e7ons d&#8217;ac\u00ed.<\/span><\/p>\n<p><span style=\"font-family: arial, helvetica, sans-serif; font-size: 12pt;\"><strong>2007<\/strong> Espectacle Conjunt Al Voltant de les tradicions de Muro.<\/span><\/p>\n<p><span style=\"font-family: arial, helvetica, sans-serif; font-size: 12pt;\"><strong>2005<\/strong> Cada cosa al seu temps.<\/span><\/p>\n<p><span style=\"font-family: arial, helvetica, sans-serif; font-size: 12pt;\"><strong>2004<\/strong> La festa dels NO convidats.<\/span><\/p>\n<p><span style=\"font-family: arial, helvetica, sans-serif; font-size: 12pt;\"><strong>1999<\/strong> Viatge Mediterani.<\/span><\/p>\n<p><span style=\"font-family: arial, helvetica, sans-serif; font-size: 12pt;\"><strong>1997<\/strong> Aix\u00f2 diu que era&#8230;<\/span><\/p>\n<p><span style=\"font-family: arial, helvetica, sans-serif; font-size: 12pt;\"><strong>1995<\/strong> La faena i la festa.<\/span><\/p>\n<p><span style=\"font-family: arial, helvetica, sans-serif; font-size: 12pt;\"><strong>1991<\/strong> Del sud al nord.<\/span><\/p>\n<p><span style=\"font-family: arial, helvetica, sans-serif; font-size: 12pt;\"><strong>1988<\/strong> Festa major.<\/span><\/p>\n<hr \/>\n<p style=\"text-align: center;\">\u00a0<span style=\"background-color: #ffcc99; font-size: 14pt;\"><strong><span style=\"font-family: 'book antiqua', palatino;\">GRUP DE DANSES BALADRE DE MURO<\/span><\/strong><\/span><\/p>\n<p style=\"text-align: center;\"><a href=\"http:\/\/www.baladre.com\" target=\"_blank\" rel=\"noopener\"><span style=\"background-color: #ffcc99;\"><strong><span style=\"font-size: medium; background-color: #ffff99; color: #0000ff;\">http:\/\/www.baladre.com<\/span><\/strong><\/span><\/a><\/p>\n<p style=\"text-align: center;\"><strong><span style=\"font-size: medium;\">La Seu del Grup de Danses Baladre<\/span><\/strong><br \/>\n<span style=\"font-size: medium;\">Av. Gandia s\/n &#8211; 03830 -MURO<\/span><a title=\"Moll Estacio Muro -Seu de Baladre por Grup de Danses Baladre de Muro, en Flickr\" href=\"http:\/\/www.flickr.com\/photos\/baladre\/8662157157\/\"><br \/>\n<img loading=\"lazy\" decoding=\"async\" class=\"alignnone wp-image-1306\" src=\"http:\/\/www.baladre.com\/wp-content\/uploads\/2023\/11\/8662157157_d9c4903794_m.jpg\" alt=\"\" width=\"260\" height=\"207\" \/><br \/>\n<\/a><\/p>\n<hr \/>\n<p style=\"text-align: justify;\"><strong style=\"text-align: justify;\">Grup de danses Baladre de Muro<\/strong><span style=\"text-align: justify;\"> (Pa\u00eds Valencia), balls, tradicions, cultura, m\u00fasiques, can\u00e7ons.<br \/>\n<\/span>El treball del grup es centra en les tradicions i cultura de les comarques del sud interior del Pa\u00eds Valenci\u00e0, zona catalanoparlant i amb una cultura propia i diferenciada.\u00a0El repertori del grup consta b\u00e0sicament dels balls i les tradicions musicals de la localitat de Muro i les comarques ve\u00efnes.\u00a0La m\u00fasica de les Comarques del Sud del Pa\u00eds Valenci\u00e0, presenta una rica varietat que abasta des de Jotes a Seguidilles, passant per variants de l\u2019U, boleros i fandangos.\u00a0El grup te com a missi\u00f3 el recuperar i transmetre les m\u00fasiques, can\u00e7ons i balls que estan en perill de restar en l\u2019oblit.<\/p>\n<hr \/>\n","protected":false},"excerpt":{"rendered":"<p>\u00a0 Els inicis: \u00abBaladre\u00bb comen\u00e7a el seu cam\u00ed com a Grup a partir de l&#8217;any 1979-1980\u00a0quan alguns grups d&#8217;amics es plantegen la tasca de recuperar les danses, la m\u00fasica i la cultura popular que va restant en l&#8217;oblit i d&#8217;iniciar una tasca de dignificaci\u00f3 del patrimoni cultural. Danses de Pal\u00e0cio principis dels anys 80, este grup de joves amics s\u00f3n<\/p>\n","protected":false},"author":2,"featured_media":0,"parent":0,"menu_order":2,"comment_status":"closed","ping_status":"closed","template":"","meta":{"footnotes":""},"class_list":["post-26","page","type-page","status-publish","hentry"],"psp_head":"<title>ELS INICIS \u2013 GRUP DE DANSES BALADRE<\/title>\r\n<meta name=\"description\" content=\"\u00a0 Els inicis: &quot;Baladre&quot; comen\u00e7a el seu cam\u00ed com a Grup a partir de l&#039;any 1979-1980\u00a0quan alguns grups d&#039;amics es plantegen la tasca de recuperar les danses, la m\u00fasica i la cultura popular que va restant en l&#039;oblit i d&#039;iniciar una tasca de dignificaci\u00f3 del patrimoni cultural.\" \/>\r\n<meta name=\"robots\" content=\"index,follow\" \/>\r\n<link rel=\"canonical\" href=\"https:\/\/www.baladre.com\/index.php\/els-inicis\/\" \/>\r\n","_links":{"self":[{"href":"https:\/\/www.baladre.com\/index.php\/wp-json\/wp\/v2\/pages\/26","targetHints":{"allow":["GET"]}}],"collection":[{"href":"https:\/\/www.baladre.com\/index.php\/wp-json\/wp\/v2\/pages"}],"about":[{"href":"https:\/\/www.baladre.com\/index.php\/wp-json\/wp\/v2\/types\/page"}],"author":[{"embeddable":true,"href":"https:\/\/www.baladre.com\/index.php\/wp-json\/wp\/v2\/users\/2"}],"replies":[{"embeddable":true,"href":"https:\/\/www.baladre.com\/index.php\/wp-json\/wp\/v2\/comments?post=26"}],"version-history":[{"count":16,"href":"https:\/\/www.baladre.com\/index.php\/wp-json\/wp\/v2\/pages\/26\/revisions"}],"predecessor-version":[{"id":5245,"href":"https:\/\/www.baladre.com\/index.php\/wp-json\/wp\/v2\/pages\/26\/revisions\/5245"}],"wp:attachment":[{"href":"https:\/\/www.baladre.com\/index.php\/wp-json\/wp\/v2\/media?parent=26"}],"curies":[{"name":"wp","href":"https:\/\/api.w.org\/{rel}","templated":true}]}}