{"id":146,"date":"2023-11-08T16:27:49","date_gmt":"2023-11-08T16:27:49","guid":{"rendered":"http:\/\/www.baladre.com\/?page_id=146"},"modified":"2025-03-28T22:54:07","modified_gmt":"2025-03-28T22:54:07","slug":"contacte","status":"publish","type":"page","link":"https:\/\/www.baladre.com\/index.php\/contacte\/","title":{"rendered":"Contacte"},"content":{"rendered":"<p style=\"text-align: center;\"><img loading=\"lazy\" decoding=\"async\" class=\"aligncenter size-full wp-image-3648\" src=\"http:\/\/www.baladre.com\/wp-content\/uploads\/2025\/02\/Banner-dades-Baladre2025.jpg\" alt=\"\" width=\"993\" height=\"643\" srcset=\"https:\/\/www.baladre.com\/wp-content\/uploads\/2025\/02\/Banner-dades-Baladre2025.jpg 993w, https:\/\/www.baladre.com\/wp-content\/uploads\/2025\/02\/Banner-dades-Baladre2025-300x194.jpg 300w, https:\/\/www.baladre.com\/wp-content\/uploads\/2025\/02\/Banner-dades-Baladre2025-768x497.jpg 768w\" sizes=\"auto, (max-width: 993px) 100vw, 993px\" \/><\/p>\n<p><img loading=\"lazy\" decoding=\"async\" class=\"aligncenter size-full wp-image-3649\" src=\"http:\/\/www.baladre.com\/wp-content\/uploads\/2025\/02\/Targeta-Visita-2-1.png\" alt=\"\" width=\"821\" height=\"455\" srcset=\"https:\/\/www.baladre.com\/wp-content\/uploads\/2025\/02\/Targeta-Visita-2-1.png 821w, https:\/\/www.baladre.com\/wp-content\/uploads\/2025\/02\/Targeta-Visita-2-1-300x166.png 300w, https:\/\/www.baladre.com\/wp-content\/uploads\/2025\/02\/Targeta-Visita-2-1-768x426.png 768w\" sizes=\"auto, (max-width: 821px) 100vw, 821px\" \/><\/p>\n<p style=\"text-align: center;\"><iframe loading=\"lazy\" style=\"border: 0;\" src=\"https:\/\/www.google.com\/maps\/embed?pb=!1m18!1m12!1m3!1d12439.703886647536!2d-0.44080484999999997!3d38.7883314!2m3!1f0!2f0!3f0!3m2!1i1024!2i768!4f13.1!3m3!1m2!1s0x0%3A0x6c281f1af6ce74f8!2sGrup%20de%20Danses%20Baladre!5e0!3m2!1ses!2ses!4v1671977210232!5m2!1ses!2ses\" width=\"700\" height=\"600\" allowfullscreen=\"allowfullscreen\"><\/iframe><\/p>\n<p style=\"text-align: center;\"><span style=\"color: #000000;\"><b><u><span lang=\"CA\"><span style=\"font-size: large;\">Grup de Danses Baladre<br \/>\n<\/span><\/span><\/u><span style=\"font-family: 'Arial Narrow'; font-size: large;\">La nostra Seu, inaugurada el 18-01-04<\/span><\/b><\/span><\/p>\n<table class=\" aligncenter\" style=\"height: 70px; width: 97.3168%; border-collapse: collapse;\">\n<tbody>\n<tr style=\"height: 24px;\">\n<td style=\"width: 19.8521%; vertical-align: middle; text-align: center; height: 105px;\"><span style=\"color: #000000;\"><b><span style=\"font-family: 'Arial Narrow'; font-size: large;\"><img loading=\"lazy\" decoding=\"async\" class=\"alignnone size-full wp-image-275\" src=\"http:\/\/www.baladre.com\/wp-content\/uploads\/2023\/11\/Baladreanimat.gif\" alt=\"\" width=\"164\" height=\"143\" \/><\/span><\/b><\/span><\/td>\n<td style=\"width: 19.1189%; vertical-align: middle; text-align: center; height: 105px;\"><span style=\"color: #000000;\"><b><span style=\"font-family: 'Arial Narrow'; font-size: large;\"><img loading=\"lazy\" decoding=\"async\" class=\"alignnone size-full wp-image-275\" src=\"http:\/\/www.baladre.com\/wp-content\/uploads\/2023\/11\/Baladreanimat.gif\" alt=\"\" width=\"164\" height=\"143\" \/><\/span><\/b><\/span><\/td>\n<td style=\"width: 20.3519%; text-align: center; height: 105px;\"><span style=\"color: #000000;\"><b><span style=\"font-family: 'Arial Narrow'; font-size: large;\"><img loading=\"lazy\" decoding=\"async\" class=\"alignnone size-full wp-image-275\" src=\"http:\/\/www.baladre.com\/wp-content\/uploads\/2023\/11\/Baladreanimat.gif\" alt=\"\" width=\"164\" height=\"143\" \/><\/span><\/b><\/span><\/td>\n<td style=\"width: 20.6115%; text-align: center; height: 105px;\"><span style=\"color: #000000;\"><b><span style=\"font-family: 'Arial Narrow'; font-size: large;\"><img loading=\"lazy\" decoding=\"async\" class=\"alignnone size-full wp-image-275\" src=\"http:\/\/www.baladre.com\/wp-content\/uploads\/2023\/11\/Baladreanimat.gif\" alt=\"\" width=\"164\" height=\"143\" \/><\/span><\/b><\/span><\/td>\n<td style=\"width: 41.7838%; text-align: center; height: 105px;\"><span style=\"color: #000000;\"><b><span style=\"font-family: 'Arial Narrow'; font-size: large;\"><img loading=\"lazy\" decoding=\"async\" class=\"alignnone size-full wp-image-275\" src=\"http:\/\/www.baladre.com\/wp-content\/uploads\/2023\/11\/Baladreanimat.gif\" alt=\"\" width=\"164\" height=\"143\" \/><\/span><\/b><\/span><\/td>\n<\/tr>\n<\/tbody>\n<\/table>\n<p style=\"text-align: center;\"><img loading=\"lazy\" decoding=\"async\" class=\"alignnone wp-image-276 size-full\" src=\"http:\/\/www.baladre.com\/wp-content\/uploads\/2023\/11\/moll.gif\" alt=\"\" width=\"600\" height=\"400\" \/><\/p>\n<hr \/>\n<p style=\"margin-top: 0px; margin-bottom: 0px; text-align: center;\" align=\"center\"><b><u><i><span style=\"font-family: Arial Narrow; font-size: x-large;\">On est\u00e0 Muro?<\/span><\/i><\/u><\/b><\/p>\n<p style=\"margin-top: 0px; margin-bottom: 0px; text-align: center;\" align=\"center\"><iframe loading=\"lazy\" src=\"https:\/\/www.google.com\/maps\/d\/embed?mid=1UyS7XX7JrBAO7MoekDAFfXOeGSg&amp;hl=es&amp;ehbc=2E312F\" width=\"700\" height=\"600\"><\/iframe><\/p>\n<p style=\"text-align: center;\"><span style=\"font-family: Arial;\"><strong>Vore:<\/strong><a style=\"color: #0000ff; text-align: left; font-weight: bold;\" href=\"http:\/\/maps.google.es\/maps\/ms?hl=es&amp;ie=UTF8&amp;msa=0&amp;msid=110162552646404444591.00048fda363f7068193a9&amp;ll=43.389082,3.076172&amp;spn=15.961642,28.520508&amp;z=5&amp;iwloc=00048fda8594ac77fb386&amp;source=embed\" target=\"_blank\" rel=\"noopener\"> Grup de Danses Baladre<\/a> en un mapa m\u00e9s gran.<\/span><\/p>\n<hr \/>\n<p><img loading=\"lazy\" decoding=\"async\" class=\"aligncenter wp-image-278 \" src=\"http:\/\/www.baladre.com\/wp-content\/uploads\/2023\/11\/03-localitzaciomuro.gif\" alt=\"\" width=\"640\" height=\"444\" \/><\/p>\n<p><img loading=\"lazy\" decoding=\"async\" class=\"aligncenter wp-image-279 size-full\" src=\"http:\/\/www.baladre.com\/wp-content\/uploads\/2023\/11\/Collage-Photomerge-MURO-06-.jpg\" alt=\"\" width=\"650\" height=\"432\" srcset=\"https:\/\/www.baladre.com\/wp-content\/uploads\/2023\/11\/Collage-Photomerge-MURO-06-.jpg 650w, https:\/\/www.baladre.com\/wp-content\/uploads\/2023\/11\/Collage-Photomerge-MURO-06--300x199.jpg 300w\" sizes=\"auto, (max-width: 650px) 100vw, 650px\" \/><\/p>\n<p style=\"text-align: justify;\">Muro \u00e9s una poblaci\u00f3 de 8000 habitants aproximadament, est\u00e0 situada al costat de la carretera N-340 a uns\u00a060\u202fkm.\u00a0<span class=\"hiddenGrammarError\">a<\/span>l nord d&#8217;Alacant i\u00a070\u202fkm.\u00a0<span class=\"hiddenGrammarError\">a<\/span>l sud de Val\u00e8ncia, la s<span class=\"hiddenGreenError\">eua<\/span>\u00a0economia est\u00e0 basada en la ind\u00fastria t\u00e8xtil i l&#8217;artesania principalment i en menor mesura l&#8217;agricultura de sec\u00e0, la qual cosa li ha\u00a0perm\u00e8s\u00a0aconseguir un important desenvolupament econ\u00f2mic.<br \/>\nDes dels seus or\u00edgens i al llarg de la hist\u00f2ria, nombrosos col\u00b7lectius humans, han deixat la\u00a0<span class=\"hiddenGreenError\">seua<\/span>\u00a0empremta i vestigis en Muro, llegat de gran valor que en l&#8217;actualitat es conserva.<br \/>\nEl seu meravell\u00f3s enclavament natural, en un vall entre la Serra Mariola i el Pic de Benicadell, doten als seus habitants d&#8217;una gran qualitat de vida i fan que el visitant gaudisca dels seus pl\u00e0cids paratges.<br \/>\nLes centen\u00e0ries oliveres\u00a0enva\u00efxen\u00a0les serres obrint-se pas entre fruiters ametlers i pins. L&#8217;oli es\u00a0produeix\u00a0ac\u00ed en gran abund\u00e0ncia, sent de gran qualitat i prestigi, compta per a la\u00a0<span class=\"hiddenGreenError\">seua<\/span>\u00a0elaboraci\u00f3 amb alm\u00e0sseres d&#8217;avan\u00e7ada tecnologia, her\u00e8ncia d&#8217;una tradici\u00f3 mil\u00b7len\u00e0ria.<br \/>\nMuro t\u00e9 quatre pedanies: Turballos,\u00a0<span class=\"hiddenSpellError\">Benamer<\/span>,\u00a0<span class=\"hiddenSpellError\">Setla<\/span>\u00a0de\u00a0<span class=\"hiddenSpellError\">Nuynes<\/span>\u00a0i l&#8217;Alqueria de Jord\u00e0, que en el seu moment van ser alqueries musulmanes, cada una d&#8217;elles digna d&#8217;una excursi\u00f3 atenta.<br \/>\nLes\u00a0<span class=\"hiddenGreenError\">seues<\/span>\u00a0festes principals s\u00f3n: \u00abMoros i Cristians\u00bb, se celebren durant la segona setmana de maig en honor de la Mare de D\u00e9u dels\u00a0Desemparats, patrona\u00a0de Muro. \u00abLa Fira i el Porrat de Sant Antoni\u00bb, al gener\u00a0en qu\u00e8\u00a0es desenvolupen activitats culturals aut\u00f2ctones. \u00abLa Dans\u00e0 Popular\u00bb, en el mes de juny que\u00a0coincideix\u00a0amb la festivitat del Corpus. \u00abEl Carnestoltes\u00bb, que \u00e9s el m\u00e9s fam\u00f3s i divertit\u00a0dels qu\u00e9\u00a0se celebren en la comarca.<\/p>\n<p><span style=\"font-family: Arial; font-size: 14pt;\"><b><u><span lang=\"CA\">Calendari de Festes<\/span><\/u><\/b><\/span><u><span lang=\"CA\"><span style=\"font-family: Arial; font-size: small;\"><br \/>\nGENER<\/span><\/span><\/u><span style=\"font-family: Arial;\"><span style=\"font-size: small;\"><span lang=\"CA\">: FIRA DE SANT ANTONI<\/span><u><span lang=\"CA\"><br \/>\nFEBRER<\/span><\/u><span lang=\"CA\">: CARNESTOLTES<\/span><u><span lang=\"CA\"><br \/>\nMAR\u00c7<\/span><\/u><span lang=\"CA\">: FOGUERES DELS XIQUETS DE SANT JOSEP<\/span><u><span lang=\"CA\"><br \/>\nPASQUA:<\/span><\/u><span lang=\"CA\">\u00a0L&#8217;AURORA<\/span><u><span lang=\"CA\"><br \/>\nMAIG:<\/span><\/u><span lang=\"CA\">\u00a0FESTES DE MOROS I CRISTIANS EN HONOR A LA MARE DE DEU DELS DESAMPARATS<\/span><u><span lang=\"CA\"><br \/>\nJUNY \u2013 CORPUS<\/span><\/u><span lang=\"CA\">: DANSES DE MURO<\/span><u><span lang=\"CA\"><br \/>\nJUNY\u00a0<\/span><\/u><span lang=\"CA\">\u2013 FESTES DE CARRER: SANT ANTONI<\/span><u><span lang=\"CA\"><br \/>\nANTIGAMENT A AGOST<\/span><\/u><span lang=\"CA\">: SANT ROC.\u00a0 BOUS I CORDAES<\/span><u><span lang=\"CA\"><br \/>\nOCTUBRE:<\/span><\/u><span lang=\"CA\">\u00a09 D&#8217;OCTUBRE + MUSICA TRADICIONAL I PILOTA<\/span><u><span lang=\"CA\"><br \/>\nNADAL:<\/span><\/u><span lang=\"CA\">\u00a0<\/span><\/span><span lang=\"CA\"><span style=\"font-size: small;\">L\u2019ASGUILANDO<\/span><\/span><\/span><\/p>\n<hr \/>\n<p style=\"text-align: justify;\">\n","protected":false},"excerpt":{"rendered":"<p>Grup de Danses Baladre La nostra Seu, inaugurada el 18-01-04 On est\u00e0 Muro? Vore: Grup de Danses Baladre en un mapa m\u00e9s gran. Muro \u00e9s una poblaci\u00f3 de 8000 habitants aproximadament, est\u00e0 situada al costat de la carretera N-340 a uns\u00a060\u202fkm.\u00a0al nord d&#8217;Alacant i\u00a070\u202fkm.\u00a0al sud de Val\u00e8ncia, la seua\u00a0economia est\u00e0 basada en la ind\u00fastria t\u00e8xtil i l&#8217;artesania principalment i en<\/p>\n","protected":false},"author":2,"featured_media":0,"parent":0,"menu_order":35,"comment_status":"closed","ping_status":"closed","template":"","meta":{"footnotes":""},"class_list":["post-146","page","type-page","status-publish","hentry"],"psp_head":"<title>Contacte \u2013 GRUP DE DANSES BALADRE<\/title>\r\n<meta name=\"description\" content=\"Grup de Danses Baladre La nostra Seu, inaugurada el 18-01-04 On est\u00e0 Muro? Vore: Grup de Danses Baladre en un mapa m\u00e9s gran. Muro \u00e9s una poblaci\u00f3 de 8000 habitants aproximadament, est\u00e0 situada al costat de la carretera N-340 a uns\u00a060\u202fkm.\" \/>\r\n<meta name=\"robots\" content=\"index,follow\" \/>\r\n<link rel=\"canonical\" href=\"https:\/\/www.baladre.com\/index.php\/contacte\/\" \/>\r\n","_links":{"self":[{"href":"https:\/\/www.baladre.com\/index.php\/wp-json\/wp\/v2\/pages\/146","targetHints":{"allow":["GET"]}}],"collection":[{"href":"https:\/\/www.baladre.com\/index.php\/wp-json\/wp\/v2\/pages"}],"about":[{"href":"https:\/\/www.baladre.com\/index.php\/wp-json\/wp\/v2\/types\/page"}],"author":[{"embeddable":true,"href":"https:\/\/www.baladre.com\/index.php\/wp-json\/wp\/v2\/users\/2"}],"replies":[{"embeddable":true,"href":"https:\/\/www.baladre.com\/index.php\/wp-json\/wp\/v2\/comments?post=146"}],"version-history":[{"count":16,"href":"https:\/\/www.baladre.com\/index.php\/wp-json\/wp\/v2\/pages\/146\/revisions"}],"predecessor-version":[{"id":4342,"href":"https:\/\/www.baladre.com\/index.php\/wp-json\/wp\/v2\/pages\/146\/revisions\/4342"}],"wp:attachment":[{"href":"https:\/\/www.baladre.com\/index.php\/wp-json\/wp\/v2\/media?parent=146"}],"curies":[{"name":"wp","href":"https:\/\/api.w.org\/{rel}","templated":true}]}}