{"id":145,"date":"2023-11-08T16:27:49","date_gmt":"2023-11-08T16:27:49","guid":{"rendered":"http:\/\/www.baladre.com\/?page_id=145"},"modified":"2025-03-28T22:53:13","modified_gmt":"2025-03-28T22:53:13","slug":"la-rondalla","status":"publish","type":"page","link":"https:\/\/www.baladre.com\/index.php\/la-rondalla\/","title":{"rendered":"La Rondalla"},"content":{"rendered":"<p style=\"text-align: justify;\"><span style=\"text-decoration: underline;\"><span style=\"font-size: 14pt;\"><strong>Rondalla Baladre:<br \/>\n<\/strong><\/span><\/span><span style=\"font-size: 12pt;\">Servei de Rondes (Serenatas).<br \/>\n<\/span>RONDALLA BALADRE.\u00a0Servei de rondes (serenatas). Per a Muro i Comarques. Rondes de Fadrins, cerim\u00f2nies de casament, aniversaris, albaes, versaes, guitarraes, cant d\u2019estil.\u00a0Si vols donar una sorpresa a algun amic o familiar contacta amb nosaltres.<\/p>\n<p><img loading=\"lazy\" decoding=\"async\" class=\"aligncenter wp-image-1112 size-full\" src=\"http:\/\/www.baladre.com\/wp-content\/uploads\/2023\/11\/02-Serenates-i-rondes-Baladre2-1.jpg\" alt=\"\" width=\"570\" height=\"806\" srcset=\"https:\/\/www.baladre.com\/wp-content\/uploads\/2023\/11\/02-Serenates-i-rondes-Baladre2-1.jpg 570w, https:\/\/www.baladre.com\/wp-content\/uploads\/2023\/11\/02-Serenates-i-rondes-Baladre2-1-212x300.jpg 212w\" sizes=\"auto, (max-width: 570px) 100vw, 570px\" \/><\/p>\n<hr \/>\n<p style=\"text-align: justify;\"><span style=\"font-size: 14pt;\"><strong><br \/>\nEl repertori:<\/strong> <span style=\"font-size: 12pt;\">El repertori: del grup consta b\u00e0sicament dels balls i les tradicions musicals de Muro i les comarques ve\u00efnes. La m\u00fasica de les Comarques del Sud del Pa\u00eds Valenci\u00e0, presenta una rica varietat que abasta des de Jotes a Seguidilles, passant per variants de l&#8217;U, boleros i fandangos. Els instruments tradicionals de corda, vent i percussi\u00f3, s\u00f3n incorporats d&#8217;acord amb les particularitats de cada pe\u00e7a. El grup t\u00e9 com a missi\u00f3 recuperar i transmetre les m\u00fasiques, can\u00e7ons i balls que estan en perill de restar en l&#8217;oblit.<\/span><\/span><\/p>\n<p style=\"text-align: justify;\"><span style=\"font-size: 14pt;\"><span style=\"font-size: 12pt;\"><img loading=\"lazy\" decoding=\"async\" class=\"aligncenter wp-image-239 size-full\" src=\"http:\/\/www.baladre.com\/wp-content\/uploads\/2023\/11\/rondalla-fireta2004.jpg\" alt=\"\" width=\"750\" height=\"164\" srcset=\"https:\/\/www.baladre.com\/wp-content\/uploads\/2023\/11\/rondalla-fireta2004.jpg 750w, https:\/\/www.baladre.com\/wp-content\/uploads\/2023\/11\/rondalla-fireta2004-300x66.jpg 300w\" sizes=\"auto, (max-width: 750px) 100vw, 750px\" \/><\/span><\/span><\/p>\n<p style=\"text-align: justify;\"><strong>CREACI\u00d3 D&#8217;UNA RONDALLA:<\/strong><span style=\"font-size: 12pt;\"> Per tal de no haver d&#8217;anar cercant els m\u00fasics per a cada actuaci\u00f3 i per qu\u00e8 era una necessitat per completar el grup com calia, durant mot de temps vam estar al darrere de la idea de tenir una rondalla pr\u00f2pia del grup, cosa aconseguida finalment, quan el 9 d&#8217;octubre de 1990 va actuar per primera vegada al costat del grup la rondalla pr\u00f2pia. Avui la rondalla compta amb 10 m\u00fasics il\u00b7lusionats amb el grup i en projectes propis que poden enriquir-lo.<img loading=\"lazy\" decoding=\"async\" class=\"aligncenter wp-image-240 size-full\" src=\"http:\/\/www.baladre.com\/wp-content\/uploads\/2023\/11\/Baladre-rondalla-2011.jpg\" alt=\"\" width=\"640\" height=\"478\" srcset=\"https:\/\/www.baladre.com\/wp-content\/uploads\/2023\/11\/Baladre-rondalla-2011.jpg 640w, https:\/\/www.baladre.com\/wp-content\/uploads\/2023\/11\/Baladre-rondalla-2011-300x224.jpg 300w\" sizes=\"auto, (max-width: 640px) 100vw, 640px\" \/><\/span><\/p>\n<hr \/>\n","protected":false},"excerpt":{"rendered":"<p>Rondalla Baladre: Servei de Rondes (Serenatas). RONDALLA BALADRE.\u00a0Servei de rondes (serenatas). Per a Muro i Comarques. Rondes de Fadrins, cerim\u00f2nies de casament, aniversaris, albaes, versaes, guitarraes, cant d\u2019estil.\u00a0Si vols donar una sorpresa a algun amic o familiar contacta amb nosaltres. El repertori: El repertori: del grup consta b\u00e0sicament dels balls i les tradicions musicals de Muro i les comarques ve\u00efnes.<\/p>\n","protected":false},"author":2,"featured_media":0,"parent":0,"menu_order":31,"comment_status":"closed","ping_status":"closed","template":"","meta":{"footnotes":""},"class_list":["post-145","page","type-page","status-publish","hentry"],"psp_head":"<title>La Rondalla \u2013 GRUP DE DANSES BALADRE<\/title>\r\n<meta name=\"description\" content=\"Rondalla Baladre: Servei de Rondes (Serenatas). RONDALLA BALADRE.\u00a0Servei de rondes (serenatas). Per a Muro i Comarques. Rondes de Fadrins, cerim\u00f2nies de casament, aniversaris, albaes, versaes, guitarraes, cant d\u2019estil.\" \/>\r\n<meta name=\"robots\" content=\"index,follow\" \/>\r\n<link rel=\"canonical\" href=\"https:\/\/www.baladre.com\/index.php\/la-rondalla\/\" \/>\r\n","_links":{"self":[{"href":"https:\/\/www.baladre.com\/index.php\/wp-json\/wp\/v2\/pages\/145","targetHints":{"allow":["GET"]}}],"collection":[{"href":"https:\/\/www.baladre.com\/index.php\/wp-json\/wp\/v2\/pages"}],"about":[{"href":"https:\/\/www.baladre.com\/index.php\/wp-json\/wp\/v2\/types\/page"}],"author":[{"embeddable":true,"href":"https:\/\/www.baladre.com\/index.php\/wp-json\/wp\/v2\/users\/2"}],"replies":[{"embeddable":true,"href":"https:\/\/www.baladre.com\/index.php\/wp-json\/wp\/v2\/comments?post=145"}],"version-history":[{"count":6,"href":"https:\/\/www.baladre.com\/index.php\/wp-json\/wp\/v2\/pages\/145\/revisions"}],"predecessor-version":[{"id":1113,"href":"https:\/\/www.baladre.com\/index.php\/wp-json\/wp\/v2\/pages\/145\/revisions\/1113"}],"wp:attachment":[{"href":"https:\/\/www.baladre.com\/index.php\/wp-json\/wp\/v2\/media?parent=145"}],"curies":[{"name":"wp","href":"https:\/\/api.w.org\/{rel}","templated":true}]}}