{"id":114,"date":"2023-11-08T16:22:39","date_gmt":"2023-11-08T16:22:39","guid":{"rendered":"http:\/\/www.baladre.com\/?page_id=114"},"modified":"2025-03-04T00:24:47","modified_gmt":"2025-03-04T00:24:47","slug":"2005-2006-polonia-2002-2004-toledo","status":"publish","type":"page","link":"https:\/\/www.baladre.com\/index.php\/2005-2006-polonia-2002-2004-toledo\/","title":{"rendered":"2005\/2006 Pol\u00f2nia \u2013 2002\/2004 Toledo"},"content":{"rendered":"<p style=\"text-align: center;\"><span style=\"font-size: 14pt;\"><strong>2005\/2006 Pol\u00f2nia<\/strong><\/span><\/p>\n<p style=\"text-align: justify;\"><strong>Intercanvi<\/strong> cultural: <strong>\u00abBaladre de Muro\u00bb <\/strong>i el grup:<strong>\u00a0\u00ab<span class=\"hiddenSpellError\">Stowarzyszenie <\/span><span class=\"hiddenSpellError\" style=\"font-size: 0.95em;\">Milosnik\u00f3w <\/span><span class=\"hiddenSpellError\" style=\"font-size: 0.95em;\">Kultury <\/span><span class=\"hiddenSpellError\" style=\"font-size: 0.95em;\">Ludowej <\/span><span class=\"hiddenSpellError\" style=\"font-size: 0.95em;\">Powislanie<\/span><span style=\"font-size: 0.95em;\">\u00a0de\u00a0<\/span><span class=\"hiddenSpellError\" style=\"font-size: 0.95em;\">Sztum<\/span><\/strong><span style=\"font-size: 0.95em;\"><strong>-Pol\u00f2nia\u00bb<\/strong>, <strong>2005-2006<\/strong>. Despr\u00e9s de nombrosos esfor\u00e7os, que van donar com a resultat els contactes i el posterior intercanvi cultural amb la regi\u00f3 de:\u00a0<\/span><strong><span class=\"hiddenSpellError\" style=\"font-size: 0.95em;\">Pomorskie<\/span><span style=\"font-size: 0.95em;\">\u00a0a 40\u00a0km. De GDANSK<\/span><\/strong><span class=\"hiddenGrammarError\" style=\"font-size: 0.95em;\">, (<\/span><strong><span style=\"font-size: 0.95em;\">Ciutat de\u00a0<\/span><span class=\"hiddenSpellError\" style=\"font-size: 0.95em;\">SZTUM<\/span><\/strong><span style=\"font-size: 0.95em;\">), al <strong>nord de Pol\u00f2nia<\/strong>; vam <strong>viatjar a Pol\u00f2nia del 16 al 22 d&#8217;agost del 2005<\/strong>,\u00a0acomplint\u00a0<strong>2 actuacions<\/strong> a la ciutat de\u00a0<\/span><strong><span class=\"hiddenSpellError\" style=\"font-size: 0.95em;\">Sztum<\/span><\/strong><span style=\"font-size: 0.95em;\">\u00a0amb motiu del <strong>30 aniversari del grup\u00a0polon\u00e8s<\/strong>. A m\u00e9s vam tindre oportunitat de\u00a0con\u00e8ixer\u00a0tota\u00a0aquesta\u00a0regi\u00f3 del nord de Pol\u00f2nia aix\u00ed com a les\u00a0seves\u00a0gents i costums.<br \/>\n<\/span>Amb motiu del nostre viatge d&#8217;intercanvi a Pol\u00f2nia l&#8217;agost del 2005 prepararem un espectacle teatral de dansa el qual estrenarem per primera vegada davant del p\u00fablic\u00a0polon\u00e8s, anomenat: \u00ab<strong>CADA COSA AL SEU TEMPS<\/strong>\u00ab; un\u00a0rep\u00e0s a les tradicions repartides en les 4 estacions de l&#8217;any: Temps de sega i treball (estiu), temps de mort i de vida (tardor), temps de fam\u00edlia i amics (Nadal) i temps de festa Major (primavera).<br \/>\nEls dies del 10 al 17 de juliol del 2006, vam rebre al grup polon\u00e8s<span class=\"hiddenGrammarError\">: \u00ab<\/span><span class=\"hiddenSpellError\">Stowarzyszenie<\/span> <span class=\"hiddenSpellError\">Milosnik\u00f3w <\/span><span class=\"hiddenSpellError\">Kultury<\/span>\u00a0<span class=\"hiddenSpellError\">Ludowej<\/span>\u00a0<span class=\"hiddenSpellError\">Powislanie<\/span>\u00bb d&#8217;<span class=\"hiddenSpellError\">Sztum<\/span>.\u00a0L&#8217;anomenat\u00a0grup ens va tornar la visita, del <strong>10 al 17 de juliol del 2006<\/strong> amb motiu dels actes commemoratius del <strong>25 aniversari del grup Baladre<\/strong>, i\u00a0perqu\u00e8\u00a0la\u00a0seva\u00a0estada\u00a0fora\u00a0el m\u00e9s agradable possible els prepararem una ruta\u00a0perqu\u00e8\u00a0conegueren el nostre poble i els seus voltants, organitzant-los tamb\u00e9 una s\u00e8rie d&#8217;actuacions a\u00a0<strong><span class=\"hiddenSpellError\">Lorxa<\/span>, Benillup i Muro<\/strong>, i ens van mostrar aix\u00ed, els seus costums i tradicions al poble de Muro i les\u00a0seves\u00a0comarques ve\u00efnes.<\/p>\n<p style=\"text-align: center;\"><img loading=\"lazy\" decoding=\"async\" class=\"alignnone wp-image-859 size-full\" src=\"http:\/\/www.baladre.com\/wp-content\/uploads\/2023\/11\/polacos-300605.jpg\" alt=\"\" width=\"500\" height=\"343\" srcset=\"https:\/\/www.baladre.com\/wp-content\/uploads\/2023\/11\/polacos-300605.jpg 500w, https:\/\/www.baladre.com\/wp-content\/uploads\/2023\/11\/polacos-300605-300x206.jpg 300w\" sizes=\"auto, (max-width: 500px) 100vw, 500px\" \/><\/p>\n<p style=\"text-align: center;\"><strong><em>Grup:<\/em>\u00a0 Stowarzyszenie Milosnik\u00f3w Kultury Ludowej Powislanie<br \/>\n<em>Ciutat:\u00a0<\/em><\/strong><strong>SZTUM <\/strong><strong><em>Regi\u00f3:\u00a0<\/em><\/strong><strong>Pomorskie a 40 Km. de GDANSK<\/strong><strong><br \/>\n<\/strong><\/p>\n<hr \/>\n<p>&nbsp;<\/p>\n<p style=\"text-align: center;\"><strong><span style=\"font-size: 14pt;\">2002\/2004 Toledo<\/span><\/strong><\/p>\n<p style=\"text-align: justify;\"><span style=\"font-size: 12pt;\">El Grup de Danses <strong>Baladre<\/strong> d&#8217;intercanvi cultural a la prov\u00edncia de Toledo convidats pel grup: \u00ab<span class=\"hiddenSpellError\">Alegr\u00eda<\/span>\u00a0de\u00a0<span class=\"hiddenSpellError\">Tiembles\u00bb,<\/span>\u00a0<span class=\"hiddenGreenError\">este<\/span>\u00a0\u00e9s un grup amic, a qui coneixem fa alguns anys i al mai vam poder proposar un intercanvi per motius d&#8217;agenda i que per fi despr\u00e9s d&#8217;<span class=\"hiddenGreenError\">estos<\/span> anys, vam participar en el seu festival de Nadal 2002.\u00a0 El nostre grup va preparar una <strong>actuaci\u00f3 <\/strong>en<strong> Tembleque <\/strong>(Toledo), el <strong>21 de desembre de 2002<\/strong> que vam viatjar a este poble Castell\u00e0-manxec convidats pel <strong>Grup de Cors i Danses Alegr\u00eda de Tiembles<\/strong>, participant en el seu \u00ab<strong>IV Festival de Coros i Danzas de Navidad de Tembleque<\/strong>\u00ab; el dissabte <strong>21 de desembre del 2002 a les 19&#8217;30 h<\/strong>. en el <strong>Centro Social Polivalente<\/strong> de Tembleque. Amb la participaci\u00f3 de Baladre, el grup de Tembleque i el Grupo <strong>Ntra. Sra. de la Esperanza de Lillo<\/strong> (Toledo). <\/span><\/p>\n<p style=\"text-align: justify;\"><span style=\"font-size: 12pt;\">El \u00ab<strong>Grup de Cors i Danses Alegr\u00eda de Tiembles<\/strong>\u00bb (Tembleque Toledo), ens torna la visita en la nostra <strong>Fireta de St. Antoni<\/strong> dies <strong>16, 17 i 18 de gener de 2004<\/strong>, participant en el nostre \u00ab<strong>XXI Aplec de Danses<\/strong>\u00bb\u00a0el diumege <strong>18 de gener<\/strong>, al costat de l&#8217;altre grup convidat: \u00ab<strong>Grup de Danses de Morvedre<\/strong>\u00bb\u00a0(Sagunt).<\/span><\/p>\n<p style=\"text-align: justify;\"><img loading=\"lazy\" decoding=\"async\" class=\"aligncenter wp-image-860 size-full\" src=\"http:\/\/www.baladre.com\/wp-content\/uploads\/2023\/11\/tiembles.jpg\" alt=\"\" width=\"500\" height=\"332\" srcset=\"https:\/\/www.baladre.com\/wp-content\/uploads\/2023\/11\/tiembles.jpg 500w, https:\/\/www.baladre.com\/wp-content\/uploads\/2023\/11\/tiembles-300x199.jpg 300w\" sizes=\"auto, (max-width: 500px) 100vw, 500px\" \/><\/p>\n<p align=\"center\"><b><i><span style=\"color: #0000ff; font-family: Arial Narrow;\">Grupo de Coros y Danzas Alegr\u00eda de Tiembles<br \/>\n<\/span><\/i><\/b><span style=\"font-family: Arial; font-size: small;\">\u00a0Tembleque, (Toledo)<\/span><\/p>\n<hr \/>\n","protected":false},"excerpt":{"rendered":"<p>2005\/2006 Pol\u00f2nia Intercanvi cultural: \u00abBaladre de Muro\u00bb i el grup:\u00a0\u00abStowarzyszenie Milosnik\u00f3w Kultury Ludowej Powislanie\u00a0de\u00a0Sztum-Pol\u00f2nia\u00bb, 2005-2006. Despr\u00e9s de nombrosos esfor\u00e7os, que van donar com a resultat els contactes i el posterior intercanvi cultural amb la regi\u00f3 de:\u00a0Pomorskie\u00a0a 40\u00a0km. De GDANSK, (Ciutat de\u00a0SZTUM), al nord de Pol\u00f2nia; vam viatjar a Pol\u00f2nia del 16 al 22 d&#8217;agost del 2005,\u00a0acomplint\u00a02 actuacions a la ciutat<\/p>\n","protected":false},"author":2,"featured_media":0,"parent":0,"menu_order":21,"comment_status":"closed","ping_status":"closed","template":"","meta":{"footnotes":""},"class_list":["post-114","page","type-page","status-publish","hentry"],"psp_head":"<title>2005\/2006 Pol\u00f2nia \u2013 2002\/2004 Toledo \u2013 GRUP DE DANSES BALADRE<\/title>\r\n<meta name=\"description\" content=\"2005\/2006 Pol\u00f2nia Intercanvi cultural: &quot;Baladre de Muro&quot; i el grup:\u00a0&quot;Stowarzyszenie Milosnik\u00f3w Kultury Ludowej Powislanie\u00a0de\u00a0Sztum-Pol\u00f2nia&quot;, 2005-2006. Despr\u00e9s de nombrosos esfor\u00e7os, que van donar com a resultat els contactes i el posterior intercanvi cultural amb la regi\u00f3 de:\u00a0Pomorskie\u00a0a 40\u00a0km.\" \/>\r\n<meta name=\"robots\" content=\"index,follow\" \/>\r\n<link rel=\"canonical\" href=\"https:\/\/www.baladre.com\/index.php\/2005-2006-polonia-2002-2004-toledo\/\" \/>\r\n","_links":{"self":[{"href":"https:\/\/www.baladre.com\/index.php\/wp-json\/wp\/v2\/pages\/114","targetHints":{"allow":["GET"]}}],"collection":[{"href":"https:\/\/www.baladre.com\/index.php\/wp-json\/wp\/v2\/pages"}],"about":[{"href":"https:\/\/www.baladre.com\/index.php\/wp-json\/wp\/v2\/types\/page"}],"author":[{"embeddable":true,"href":"https:\/\/www.baladre.com\/index.php\/wp-json\/wp\/v2\/users\/2"}],"replies":[{"embeddable":true,"href":"https:\/\/www.baladre.com\/index.php\/wp-json\/wp\/v2\/comments?post=114"}],"version-history":[{"count":14,"href":"https:\/\/www.baladre.com\/index.php\/wp-json\/wp\/v2\/pages\/114\/revisions"}],"predecessor-version":[{"id":4021,"href":"https:\/\/www.baladre.com\/index.php\/wp-json\/wp\/v2\/pages\/114\/revisions\/4021"}],"wp:attachment":[{"href":"https:\/\/www.baladre.com\/index.php\/wp-json\/wp\/v2\/media?parent=114"}],"curies":[{"name":"wp","href":"https:\/\/api.w.org\/{rel}","templated":true}]}}