{"id":111,"date":"2023-11-08T16:22:39","date_gmt":"2023-11-08T16:22:39","guid":{"rendered":"http:\/\/www.baladre.com\/?page_id=111"},"modified":"2025-02-15T16:08:47","modified_gmt":"2025-02-15T16:08:47","slug":"2013-2014-lalguenya-2011-2012-manresa","status":"publish","type":"page","link":"https:\/\/www.baladre.com\/index.php\/2013-2014-lalguenya-2011-2012-manresa\/","title":{"rendered":"2013\/2014 L\u2019Alguenya \u2013 2011\/2012 Manresa"},"content":{"rendered":"<p style=\"text-align: center;\"><span style=\"font-size: 14pt;\"><strong>2013\/2014 L&#8217;Alguenya<\/strong><\/span><\/p>\n<p style=\"text-align: justify;\"><strong>Intercanvi cultural del Grup de Danses Baladre de Muro i el Grup Rondalla Cors i Danses <span class=\"hiddenGrammarError\" style=\"padding-bottom: 2px; background-image: url('..\/..\/..\/..\/..\/images\/squiggle.png'); background-repeat: repeat-x; background-position: left bottom; cursor: default; color: #000000; font-family: 'Open Sans', Helvetica, Arial, sans-serif; font-size: 16px; font-style: normal; font-variant-ligatures: normal; font-variant-caps: normal; letter-spacing: normal; orphans: 2; text-align: start; text-indent: 0px; text-transform: none; white-space: normal; widows: 2; word-spacing: 0px; -webkit-text-stroke-width: 0px; text-decoration-thickness: initial; text-decoration-style: initial; text-decoration-color: initial;\">L&#8217;<\/span>Alguenya, del poble de L&#8217;<span class=\"hiddenSpellError\">Aguenya<\/span>\u00a0(Alacant).<\/strong><br \/>\nBaladre va participar\u00a0en l&#8217;intercanvi cultural Muro-<span class=\"hiddenGrammarError\" style=\"padding-bottom: 2px; background-image: url('..\/..\/..\/..\/..\/images\/squiggle.png'); background-repeat: repeat-x; background-position: left bottom; cursor: default; color: #000000; font-family: 'Open Sans', Helvetica, Arial, sans-serif; font-size: 16px; font-style: normal; font-variant-ligatures: normal; font-variant-caps: normal; font-weight: 300; letter-spacing: normal; orphans: 2; text-align: start; text-indent: 0px; text-transform: none; white-space: normal; widows: 2; word-spacing: 0px; -webkit-text-stroke-width: 0px; text-decoration-thickness: initial; text-decoration-style: initial; text-decoration-color: initial;\">L&#8217;<\/span>Alguenya 2013-2014, el nostre grup va actuar al\u00a01r\u00a0Encontre de Grups de Cors i Danses 2013 a la localitat Alacantina d&#8217;Alguenya el dissabte dia 15 de juny de 2013 en el \u00abDia\u00a0de la\u00a0Conviv\u00e8ncia\u00bb i a les \u00ab2ns. Jornades Gastron\u00f2miques i Culturals d&#8217;Alguenya\u00bb. Convidats pel seu ajuntament i la \u00abRondalla, Cors i Danses l&#8217;Alguenya\u00bb. Es van celebrar\u00a0v\u00e0ries\u00a0activitats com ara cercaviles, tallers de m\u00fasica i dansa, grups infantils, i l&#8217;actuaci\u00f3 dels grups participants: \u00abGrup Baladre de Muro\u00bb, \u00abRondalla, Cors i Danses l&#8217;Alguenya\u00bb i \u00ab<span class=\"hiddenSpellError\">Coros<\/span>\u00a0<span class=\"hiddenGrammarError\">y<\/span>\u00a0<span class=\"hiddenSpellError\">Danzas<\/span>\u00a0<span class=\"hiddenGrammarError\">de Abanilla<\/span>\u00ab. El dia 15 de juny per mat\u00ed el grup de Danses Baladre va oferir un taller de balls de les nostres comarques per a tots els que van voler participar, m\u00e9s tard a les\u00a020,00\u00a0hores actu\u00e0rem\u00a0al costat dels\u00a0altres dos grups participants.<br \/>\nLa Rondalla, Cors i Danses l&#8217;Alguenya, ens va tornar la visita\u00a0el 2014, en el nostre \u00abXXXI Aplec de Danses\u00bb\u00a0de la\u00a0Fireta de St. Antoni, dia 19 de gener de 2014 a les\u00a011,30h\u00a0<span class=\"hiddenGrammarError\">a<\/span>\u00a0m\u00e9s gaudirem tamb\u00e9 de la visita del Grup de Danses\u00a0<span class=\"hiddenGrammarError\" style=\"padding-bottom: 2px; background-image: url('..\/..\/..\/..\/..\/images\/squiggle.png'); background-repeat: repeat-x; background-position: left bottom; cursor: default; color: #000000; font-family: 'Open Sans', Helvetica, Arial, sans-serif; font-size: 16px; font-style: normal; font-variant-ligatures: normal; font-variant-caps: normal; font-weight: 300; letter-spacing: normal; orphans: 2; text-align: start; text-indent: 0px; text-transform: none; white-space: normal; widows: 2; word-spacing: 0px; -webkit-text-stroke-width: 0px; text-decoration-thickness: initial; text-decoration-style: initial; text-decoration-color: initial;\">La<\/span> Vall del poble d&#8217;Albaida, i que junts ens feren gaudir d&#8217;una mostra de balls de les nostres comarques, donant a con\u00e8ixer manifestacions culturals vingudes d&#8217;altres terres valencianes, ballant i tocant\u00a0al costat dels\u00a0grups Baladre i la Xafig\u00e0 de Muro.<\/p>\n<p><img loading=\"lazy\" decoding=\"async\" class=\"aligncenter wp-image-848 size-full\" src=\"http:\/\/www.baladre.com\/wp-content\/uploads\/2023\/11\/2013-06-15-Alguenya-450ppp.jpg\" alt=\"\" width=\"450\" height=\"450\" srcset=\"https:\/\/www.baladre.com\/wp-content\/uploads\/2023\/11\/2013-06-15-Alguenya-450ppp.jpg 450w, https:\/\/www.baladre.com\/wp-content\/uploads\/2023\/11\/2013-06-15-Alguenya-450ppp-300x300.jpg 300w, https:\/\/www.baladre.com\/wp-content\/uploads\/2023\/11\/2013-06-15-Alguenya-450ppp-150x150.jpg 150w, https:\/\/www.baladre.com\/wp-content\/uploads\/2023\/11\/2013-06-15-Alguenya-450ppp-90x90.jpg 90w, https:\/\/www.baladre.com\/wp-content\/uploads\/2023\/11\/2013-06-15-Alguenya-450ppp-75x75.jpg 75w\" sizes=\"auto, (max-width: 450px) 100vw, 450px\" \/><\/p>\n<p style=\"font-weight: 400; text-align: center;\"><strong>Grup Rondalla, Cors i Danses L&#8217;Alguenya, (L&#8217;Alguenya)<\/strong><\/p>\n<p style=\"font-weight: 400; text-align: justify;\">L&#8217;Alguenya \u00e9s un xicotet poble del Vinalop\u00f3 Mitj\u00e0 a nom\u00e9s dos quil\u00f2metres de la prov\u00edncia de M\u00farcia.<br \/>\nEls primers passos per a la creaci\u00f3 de la Rondalla, Cors i Danses \u00abL&#8217;Alguenya\u00bb, es van donar l&#8217;any 1986, quan va sorgir la conveni\u00e8ncia de crear un grup per a recuperar i\u00a0mantenir\u00a0el folklore local que, a causa del seu car\u00e0cter totalment oral, corria el perill que a poc a poc\u00a0desaparegu\u00e9s\u00a0i\u00a0fora\u00a0oblidat.<br \/>\nL&#8217;any seg\u00fcent, 1987, es van donar a\u00a0con\u00e8ixer\u00a0els tr\u00e0mits realitzats, formalitzant-se i creant el Grup de Rondalla, Cors i Danses. Es van comen\u00e7ar a arreplegar dades de balls tradicionals, visitant les persones de m\u00e9s edat del poble, aconseguint-se valuosa informaci\u00f3 al respecte. A poc a poc es va\u00a0<span class=\"hiddenGreenError\" style=\"padding-bottom: 2px; background-image: url('..\/..\/..\/..\/..\/images\/squiggle_green.png'); background-repeat: repeat-x; background-position: left bottom; cursor: default; color: #000000; font-family: 'Open Sans', Helvetica, Arial, sans-serif; font-size: 16px; font-style: normal; font-variant-ligatures: normal; font-variant-caps: normal; font-weight: 300; letter-spacing: normal; orphans: 2; text-align: start; text-indent: 0px; text-transform: none; white-space: normal; widows: 2; word-spacing: 0px; -webkit-text-stroke-width: 0px; text-decoration-thickness: initial; text-decoration-style: initial; text-decoration-color: initial;\">aconseguir<\/span>\u00a0recordar passos amb m\u00fasica i lletra de les nostres mares i iaies.<br \/>\nEn\u00a0aquests\u00a0m\u00e9s de\u00a0vint-i-cinc\u00a0anys d&#8217;exist\u00e8ncia, el grup ha actuat en nombrosos pobles de la prov\u00edncia d&#8217;Alacant i M\u00farcia, representa al municipi en la Desfilada\u00a0Folkl\u00f2rica\u00a0Internacional d&#8217;Alacant, actuant, a m\u00e9s, per descomptat, en les festes locals i en nombrosos altres actes, com per exemple festivals i\u00a0aplecs, contribuint d&#8217;aquesta\u00a0forma a mostrar i conservar el nostre patrimoni\u00a0folkl\u00f2ric. En\u00a0aquests\u00a0moments, el director de m\u00fasica i cant \u00e9s Pedro\u00a0<span class=\"hiddenSpellError\">Quiles<\/span>, i el de ball Paco\u00a0<span class=\"hiddenSpellError\">Marhuenda<\/span>.<\/p>\n<hr \/>\n<p>&nbsp;<\/p>\n<p style=\"text-align: center;\"><span style=\"font-size: 14pt;\"><strong>2011\/2012 Manresa.<\/strong><\/span><\/p>\n<p style=\"text-align: justify;\"><strong>Intercanvi cultural del Grup Baladre de Muro i \u00abL&#8217;Esbart Casal Cultural de Dansaires Manresans\u00bb de Manresa (Catalunya) &#8211; 27 d&#8217;agost de 2011 i 22 de gener de 2012.<\/strong><br \/>\nEl Grup Baladre va participar en les Festes Majors de Manresa el dissabte dia 27 d&#8217;agost de 2011. La Festa Major de Manresa se celebra cada any el primer dilluns despr\u00e9s del darrer diumenge d&#8217;agost. Per\u00f2 les festes, comencen uns quants dies abans. Aquest any, el dissabte 27 d&#8217;agost de 2011 a les 23,00\u202fh Baladre va participar en la XXVI Oreneta d&#8217;Or Ciutat de Manresa, convidats pel seu ajuntament i per la Casa Cultural de Dansaires Manresans. V\u00e0rem actuar a la Pla\u00e7a Major de la ciutat conjuntament amb el grup manres\u00e0 i el <span class=\"hiddenSpellError\">Grupo <\/span>de <span class=\"hiddenSpellError\">Coros <\/span><span class=\"hiddenGrammarError\">y <\/span><span class=\"hiddenSpellError\">Danzas <\/span><span class=\"hiddenSpellError\">Ca\u00f1o <\/span><span class=\"hiddenSpellError\">Gordo <\/span>de <span class=\"hiddenSpellError\">Taranc\u00f3n<\/span>. El grup manres\u00e0 ens va tornar la visita el gener del 2012 amb motiu de la nostra tradicional Fireta de Sant Antoni, mostrant al nostre poble els seus costums i tradicions el diumenge dia 22, participant al costat de Baladre i La Xafig\u00e0 del 29 Aplec de Danses de la nostra Fireta de Sant Antoni.<\/p>\n<p style=\"text-align: center;\"><img loading=\"lazy\" decoding=\"async\" class=\"alignnone wp-image-849 size-full\" src=\"http:\/\/www.baladre.com\/wp-content\/uploads\/2023\/11\/esbartmanresa2011.jpg\" alt=\"\" width=\"500\" height=\"269\" srcset=\"https:\/\/www.baladre.com\/wp-content\/uploads\/2023\/11\/esbartmanresa2011.jpg 500w, https:\/\/www.baladre.com\/wp-content\/uploads\/2023\/11\/esbartmanresa2011-300x161.jpg 300w\" sizes=\"auto, (max-width: 500px) 100vw, 500px\" \/><\/p>\n<p align=\"center\"><span class=\"Apple-style-span\"><b><span style=\"color: #000080;\">Esbart Casal Cultural de Dansaires Manresans<br \/>\n<\/span><\/b><\/span><span class=\"Apple-style-span\"><span class=\"ff2 fc0 fs14 \">Font dels Capellans, bloc 15, porta 3 baixos<\/span><\/span><span class=\"ff2 fc0 fs12 \">\u00a0&#8211;\u00a0<\/span><span class=\"Apple-style-span\"><span class=\"ff2 fc0 fs14 \">08243 MANRESA<br \/>\n<span style=\"font-size: small;\">Toni: 697 133 997 &#8211;\u00a0<a class=\"ImLink\" title=\"\" href=\"mailto:tonifornells@casalcultural.org\">tonifornells@casalcultural.org<\/a><br \/>\nMontse: 676 15 23 46\u00a0 &#8211;\u00a0<a class=\"ImLink\" title=\"\" href=\"mailto:laura_dream17@hotmail.com\">laura_dream17@hotmail.com<\/a><br \/>\n<\/span><a class=\"ImLink\" title=\"\" href=\"mailto:casal@casalcultural.org\"><span style=\"font-size: small;\">casal@casalcultural.org<\/span><\/a><\/span><\/span><\/p>\n<hr \/>\n","protected":false},"excerpt":{"rendered":"<p>2013\/2014 L&#8217;Alguenya Intercanvi cultural del Grup de Danses Baladre de Muro i el Grup Rondalla Cors i Danses L&#8217;Alguenya, del poble de L&#8217;Aguenya\u00a0(Alacant). Baladre va participar\u00a0en l&#8217;intercanvi cultural Muro-L&#8217;Alguenya 2013-2014, el nostre grup va actuar al\u00a01r\u00a0Encontre de Grups de Cors i Danses 2013 a la localitat Alacantina d&#8217;Alguenya el dissabte dia 15 de juny de 2013 en el \u00abDia\u00a0de la\u00a0Conviv\u00e8ncia\u00bb<\/p>\n","protected":false},"author":2,"featured_media":0,"parent":0,"menu_order":18,"comment_status":"closed","ping_status":"closed","template":"","meta":{"footnotes":""},"class_list":["post-111","page","type-page","status-publish","hentry"],"psp_head":"<title>2013\/2014 L\u2019Alguenya \u2013 2011\/2012 Manresa \u2013 GRUP DE DANSES BALADRE<\/title>\r\n<meta name=\"description\" content=\"2013\/2014 L&#039;Alguenya Intercanvi cultural del Grup de Danses Baladre de Muro i el Grup Rondalla Cors i Danses L&#039;Alguenya, del poble de L&#039;Aguenya\u00a0(Alacant). Baladre va participar\u00a0en l&#039;intercanvi cultural Muro-L&#039;Alguenya 2013-2014, el nostre grup va actuar al\u00a01r\u00a0Encontre de Grups de Cors i Danses 2013 a la localitat Alacantina d&#039;Alguenya el dissabte dia 15 de juny de 2013 en el &quot;Dia\u00a0de la\u00a0Conviv\u00e8ncia&quot; i a les &quot;2ns.\" \/>\r\n<meta name=\"robots\" content=\"index,follow\" \/>\r\n<link rel=\"canonical\" href=\"https:\/\/www.baladre.com\/index.php\/2013-2014-lalguenya-2011-2012-manresa\/\" \/>\r\n","_links":{"self":[{"href":"https:\/\/www.baladre.com\/index.php\/wp-json\/wp\/v2\/pages\/111","targetHints":{"allow":["GET"]}}],"collection":[{"href":"https:\/\/www.baladre.com\/index.php\/wp-json\/wp\/v2\/pages"}],"about":[{"href":"https:\/\/www.baladre.com\/index.php\/wp-json\/wp\/v2\/types\/page"}],"author":[{"embeddable":true,"href":"https:\/\/www.baladre.com\/index.php\/wp-json\/wp\/v2\/users\/2"}],"replies":[{"embeddable":true,"href":"https:\/\/www.baladre.com\/index.php\/wp-json\/wp\/v2\/comments?post=111"}],"version-history":[{"count":3,"href":"https:\/\/www.baladre.com\/index.php\/wp-json\/wp\/v2\/pages\/111\/revisions"}],"predecessor-version":[{"id":850,"href":"https:\/\/www.baladre.com\/index.php\/wp-json\/wp\/v2\/pages\/111\/revisions\/850"}],"wp:attachment":[{"href":"https:\/\/www.baladre.com\/index.php\/wp-json\/wp\/v2\/media?parent=111"}],"curies":[{"name":"wp","href":"https:\/\/api.w.org\/{rel}","templated":true}]}}