{"id":110,"date":"2023-11-08T16:22:39","date_gmt":"2023-11-08T16:22:39","guid":{"rendered":"http:\/\/www.baladre.com\/?page_id=110"},"modified":"2025-02-15T16:13:23","modified_gmt":"2025-02-15T16:13:23","slug":"2016-2017-eivissa-2014-2015-ferreries-menorca","status":"publish","type":"page","link":"https:\/\/www.baladre.com\/index.php\/2016-2017-eivissa-2014-2015-ferreries-menorca\/","title":{"rendered":"2016\/2017 Eivissa \u2013 2014\/2015 Ferreries (Menorca)"},"content":{"rendered":"<p style=\"text-align: center;\"><span style=\"font-size: 14pt;\"><strong>2016\/2017 Eivissa<\/strong><\/span><\/p>\n<p style=\"text-align: justify;\"><strong>Intercanvi dels Grups: Baladre de Muro i Sa Bodega d&#8217;Eivissa: octubre de 2016 i gener de 2017.<\/strong><br \/>\nEl Grup de Danses Baladre de Muro organitza un intercanvi cultural, amb L&#8217;Associaci\u00f3 Cultural Colla sa Bodega d&#8217;Eivissa, el nostre Grup Baladre viatja a la ciutat d&#8217;Eivissa el dissabte 8 i diumenge 9 d&#8217;octubre de 2016, on participarem\u00a0en la\u00a0\u00abXVI Mostra Folkl\u00f2rica Ciutat d&#8217;Eivissa\u00bb, convidats per l&#8217;ajuntament de la Ciutat d&#8217;Eivissa i per la Colla de Sa Bodega.<br \/>\nEs tracta de la\u00a016a. edici\u00f3\u00a0de la trobada de colles de ball i m\u00fasica tradicional d&#8217;Eivissa i els grups convidats s\u00f3n: Esbart Sant Jordi de Barcelona \u2013 Grup de Danses Baladre de Muro (Alacant) \u2013 La Encina, membres de la Casa Extremenya de Palma \u2013 Grup Folkl\u00f2ric Sant Josep de sa Talaia i l&#8217;Associaci\u00f3 Cultural Colla sa Bodega d&#8217;Eivissa.<br \/>\nPer altra\u00a0banda,\u00a0la Colla de sa Bodega d&#8217;Eivissa ens tornen la visita per la nostra Fireta de Sant Antoni del Porquet els dies 21 i 22 de gener de 2017.<br \/>\nLa Colla de sa Bodega ens oferiran el dissabte dia 21 a les\u00a019,00h\u00a0al Centre Cultural Polivalent de la Vila de Muro un espectacle de m\u00fasica i ball, mostrant-nos els balls, m\u00fasiques i tradicions eivissenques,\u00a0al costat del\u00a0grup de Danses Baladre que ballar\u00e0 tamb\u00e9 amb ells\u00a0aquest\u00a0dia, per\u00f2 que cedir\u00e0 als amics eivissencs tot el protagonisme.<br \/>\nA m\u00e9s, l&#8217;endem\u00e0 diumenge dia 22 a les\u00a011,30h\u00a0celebrem a Muro el XXXIV Aplec de Danses de la nostra Fireta de Sant Antoni del Porquet, amb\u00a0l&#8217;itinerari\u00a0des de la Placeta Molina\u00a0fins a\u00a0la\u00a0<span class=\"hiddenGrammarError\" style=\"padding-bottom: 2px; background-image: url('..\/..\/..\/..\/..\/images\/squiggle.png'); background-repeat: repeat-x; background-position: left bottom; cursor: default; color: #000000; font-family: 'Open Sans', Helvetica, Arial, sans-serif; font-size: 16px; font-style: normal; font-variant-ligatures: normal; font-variant-caps: normal; font-weight: 300; letter-spacing: normal; orphans: 2; text-align: start; text-indent: 0px; text-transform: none; white-space: normal; widows: 2; word-spacing: 0px; -webkit-text-stroke-width: 0px;\">Pla\u00e7a<\/span>\u00a0del\u00a0<span class=\"hiddenSpellError\">Matzem<\/span>\u00a0on els grups participants ballaran damunt de l&#8217;entaulat i ens portaran un espectacle de balls de les\u00a0seves\u00a0terres i comarques.<br \/>\n<strong><span style=\"text-decoration: underline;\">Enguany 2017 els grups participants al 34 Aplec de Danses s\u00f3n:<\/span><\/strong><br \/>\n<span style=\"color: #333399;\">*Associaci\u00f3 Cultural Colla sa Bodega (Ciutat d&#8217;Eivissa)<\/span><br \/>\n<span style=\"color: #333399;\">*Grup de Danses Faixa i Mant\u00f3 (Gaianes)<\/span><br \/>\n<span style=\"color: #333399;\">*Grup de Danses Baladre (Muro).<\/span><br \/>\n<span style=\"color: #333399;\">*Xiquets i xiquetes de l&#8217;Escola de M\u00fasica i Dansa del Grup Baladre.<\/span><br \/>\n<span style=\"color: #333399;\">*Grup de Dol\u00e7ainers i Tabaleters la Xafig\u00e0\u00a0(Muro).<\/span><\/p>\n<table style=\"border-collapse: collapse; width: 100%;\">\n<tbody>\n<tr>\n<td style=\"width: 50%;\"><img loading=\"lazy\" decoding=\"async\" class=\"aligncenter wp-image-842 size-full\" src=\"http:\/\/www.baladre.com\/wp-content\/uploads\/2023\/11\/14MOSTRA-FOLKLOR-Eivissa16-300ppp.jpg\" alt=\"\" width=\"300\" height=\"469\" srcset=\"https:\/\/www.baladre.com\/wp-content\/uploads\/2023\/11\/14MOSTRA-FOLKLOR-Eivissa16-300ppp.jpg 300w, https:\/\/www.baladre.com\/wp-content\/uploads\/2023\/11\/14MOSTRA-FOLKLOR-Eivissa16-300ppp-192x300.jpg 192w\" sizes=\"auto, (max-width: 300px) 100vw, 300px\" \/><\/td>\n<td style=\"width: 50%;\"><img loading=\"lazy\" decoding=\"async\" class=\"aligncenter wp-image-843 size-full\" src=\"http:\/\/www.baladre.com\/wp-content\/uploads\/2023\/11\/BaladreSaBodega2016-17-1.jpg\" alt=\"\" width=\"300\" height=\"465\" srcset=\"https:\/\/www.baladre.com\/wp-content\/uploads\/2023\/11\/BaladreSaBodega2016-17-1.jpg 300w, https:\/\/www.baladre.com\/wp-content\/uploads\/2023\/11\/BaladreSaBodega2016-17-1-194x300.jpg 194w\" sizes=\"auto, (max-width: 300px) 100vw, 300px\" \/><\/td>\n<\/tr>\n<\/tbody>\n<\/table>\n<p style=\"text-align: justify;\"><strong><span style=\"font-size: 14pt;\">HIST\u00d2RIA<\/span><\/strong><br \/>\nL&#8217;escola de sa Bodega sempre ha estat un col\u00b7legi\u00a0conscienciat\u00a0i sensibilitzat amb les tradicions i la cultura de la nostra illa. Va ser per aquesta ra\u00f3 que l&#8217;any 1987 i gr\u00e0cies a l&#8217;ajuda de l&#8217;<span class=\"hiddenSpellError\">AMIPA<\/span>\u00a0del Col\u00b7legi P\u00fablic Sa Bodega de la Ciutat d&#8217;Eivissa es va aconseguir iniciar l&#8217;activitat extraescolar del ball eivissenc.<br \/>\nAmb el temps, la colla ha anat creixent i augmentant el seu nombre de balladors i balladores, d&#8217;instruments, de sonadors i, en general, ha anat endavant com a agrupaci\u00f3 folkl\u00f2rica. Tot aquest esfor\u00e7 el devem\u00a0en bona part\u00a0a les fam\u00edlies que hi ha\u00a0darrere de\u00a0cadascuna de les persones que configuren la Colla de sa Bodega. Gr\u00e0cies a elles tenim encara avui un folklore viu.<br \/>\nActualment,\u00a0la nostra agrupaci\u00f3 est\u00e0 formada per 40 components i est\u00e0 dividida en dues seccions: Adults i Infantil. La\u00a0presidenta\u00a0del grup \u00e9s la Sra. Maria Isabel Bofill i la seva\u00a0directora\u00a0\u00e9s\u00a0<span class=\"hiddenSpellError\">Carmen<\/span>\u00a0Tur.<br \/>\nLa colla t\u00e9\u00a0est\u00e0ndard\u00a0propi i est\u00e0 inscrita a la Federaci\u00f3 de Colles de Ball i Cultura Popular d&#8217;Eivissa i Formentera i a la Federaci\u00f3 Espanyola\u00a0d&#8217;Agrupacions\u00a0Folkl\u00f2riques (<span class=\"hiddenSpellError\">FEAF<\/span>).<\/p>\n<hr \/>\n<p>&nbsp;<\/p>\n<p style=\"text-align: center;\"><span style=\"font-size: 14pt;\"><strong>2014\/2015 Ferreries (Menorca)<\/strong><\/span><\/p>\n<p style=\"text-align: justify;\"><strong>Intercanvi\u00a0Cultural entre el Grup de Danses Baladre de Muro i el Grup Folkl\u00f2ric Aires\u00a0<span class=\"hiddenGrammarError\">des<\/span>\u00a0Barranc d&#8217;<span class=\"hiddenSpellError\">Algendar<\/span>\u00a0de Ferreries (Menorca). Agost de 2014 i gener de 2015.<\/strong><br \/>\nEl grup de Danses Baladre de Muro viatjar\u00e0 al poble de Ferreries (Menorca), del 15 al 17 d&#8217;agost de 2014, es tracta de la setmana pr\u00e8via a les\u00a0seves\u00a0festes patronals en honor a Sant Bartomeu, El Grup folkl\u00f2ric menorqu\u00ed Aires\u00a0<span class=\"hiddenGrammarError\">des<\/span>\u00a0Barranc d&#8217;<span class=\"hiddenSpellError\">Algendar<\/span>\u00a0ens torna la visita del 16 al 18 de gener de 2015 amb motiu de la nostra fireta de Sant Antoni i ens oferir\u00e0 un espectacle de les tradicions menorquines el dissabte dia 17 a les\u00a019,00\u00a0hores al Centre Cultural Polivalent\u00a0al costat del\u00a0grup Baladre. A m\u00e9s l&#8217;endem\u00e0 diumenge dia 18 els dos grups participaran en el XXXII Aplec de Danses de La Fireta de Sant Antoni.<\/p>\n<p style=\"text-align: center;\"><img loading=\"lazy\" decoding=\"async\" class=\"alignnone wp-image-844 size-full\" src=\"http:\/\/www.baladre.com\/wp-content\/uploads\/2023\/11\/BarrancAlgendar2014-1.jpg\" alt=\"\" width=\"450\" height=\"291\" srcset=\"https:\/\/www.baladre.com\/wp-content\/uploads\/2023\/11\/BarrancAlgendar2014-1.jpg 450w, https:\/\/www.baladre.com\/wp-content\/uploads\/2023\/11\/BarrancAlgendar2014-1-300x194.jpg 300w\" sizes=\"auto, (max-width: 450px) 100vw, 450px\" \/><\/p>\n<p style=\"text-align: center;\"><span lang=\"CA\"><b><span style=\"color: #0000ff; font-family: Arial Narrow; font-size: large;\">Grup Folkl\u00f2ric Aires des Barranc d\u2019Algendar de Ferreries (Menorca).<\/span><\/b><\/span><span style=\"font-family: Arial; font-size: small;\"><br \/>\n07750 Ferreries (Menorca) &#8211; Carrer Fred, 58 &#8211; <b>Tel\u00e8fon:<\/b><span style=\"color: #800000;\">\u00a0971 374083<\/span><span lang=\"EN-US\"><span style=\"color: #800000;\"><br \/>\n<\/span><b>NIF<\/b>:<span style=\"color: #800000;\">G-07611304\u00a0\u00a0 &#8211;\u00a0\u00a0\u00a0<\/span>E-mail:\u00a0<a href=\"mailto:barrancdalgendar@femefolk.org\">barrancdalgendar@femefolk.org<\/a><\/span><\/span><\/p>\n<p style=\"text-align: center;\"><img loading=\"lazy\" decoding=\"async\" class=\"alignnone wp-image-846 size-full\" src=\"http:\/\/www.baladre.com\/wp-content\/uploads\/2023\/11\/032-Fireta2015Aplec.jpg\" alt=\"\" width=\"300\" height=\"426\" srcset=\"https:\/\/www.baladre.com\/wp-content\/uploads\/2023\/11\/032-Fireta2015Aplec.jpg 300w, https:\/\/www.baladre.com\/wp-content\/uploads\/2023\/11\/032-Fireta2015Aplec-211x300.jpg 211w\" sizes=\"auto, (max-width: 300px) 100vw, 300px\" \/><\/p>\n<p style=\"text-align: justify;\"><strong><span style=\"font-size: 14pt;\">Hist\u00f2ria<\/span><\/strong><br \/>\nEl grup folkl\u00f2ric \u00abAIRES DES BARRANC D&#8217;<span class=\"hiddenSpellError\">ALGENDAR<\/span>\u00bb De Ferreries (Menorca) es fund\u00e0 per devers l&#8217;any 1945. Es tracta d&#8217;una de les agrupacions folkl\u00f2riques m\u00e9s antigues de Menorca. Tot va comen\u00e7ar quan un grup d&#8217;amics que vivien en els llocs (possessions, finques de camp) de la zona del Barranc d&#8217;<span class=\"hiddenSpellError\">Algendar<\/span>\u00a0de Ferreries va decidir formar un grup folkl\u00f2ric. Feia molts d&#8217;anys que vivien en aquells llocs\u00a0diverses\u00a0fam\u00edlies que s&#8217;ajuntaven en les vetllades per intercanviar converses, fer alguns jocs i sobretot donar cabuda a les can\u00e7ons i balls populars de Menorca (jotes i fandangos), que era un dels divertiments principals d&#8217;aquells temps i que havien apr\u00e8s dels seus avant passats. A partir de llavors el grup folkl\u00f2ric ha participat\u00a0en les\u00a0festes populars del poble: per Sant Isidre (patr\u00f3 dels pagesos), pels Darrers Dies (Carnaval), per les festes patronals de Sant Bartomeu, per Santa Cec\u00edlia (patrona de la m\u00fasica)&#8230;<br \/>\nTamb\u00e9 actuaven en altres pobles de Menorca i va ser a finals dels anys\u00a0setanta\u00a0quan van decidir mostrar el folklore menorqu\u00ed a l&#8217;illa ve\u00efna de Mallorca.\u00a0\u00c9s\u00a0d&#8217;aquell moment van comen\u00e7ar a mostrar els balls i can\u00e7ons menorquines a diverses comunitats aut\u00f2nomes mitjan\u00e7ant els intercanvis culturals. A causa de la insularitat, primer ens vam relacionar amb agrupacions de Mallorca i Eivissa i ja a finals dels anys\u00a0vuitanta\u00a0vam decidir\u00a0fer\u00a0el salt a la pen\u00ednsula.<\/p>\n<hr \/>\n","protected":false},"excerpt":{"rendered":"<p>2016\/2017 Eivissa Intercanvi dels Grups: Baladre de Muro i Sa Bodega d&#8217;Eivissa: octubre de 2016 i gener de 2017. El Grup de Danses Baladre de Muro organitza un intercanvi cultural, amb L&#8217;Associaci\u00f3 Cultural Colla sa Bodega d&#8217;Eivissa, el nostre Grup Baladre viatja a la ciutat d&#8217;Eivissa el dissabte 8 i diumenge 9 d&#8217;octubre de 2016, on participarem\u00a0en la\u00a0\u00abXVI Mostra Folkl\u00f2rica<\/p>\n","protected":false},"author":2,"featured_media":0,"parent":0,"menu_order":17,"comment_status":"closed","ping_status":"closed","template":"","meta":{"footnotes":""},"class_list":["post-110","page","type-page","status-publish","hentry"],"psp_head":"<title>2016\/2017 Eivissa \u2013 2014\/2015 Ferreries (Menorca) \u2013 GRUP DE DANSES BALADRE<\/title>\r\n<meta name=\"description\" content=\"2016\/2017 Eivissa Intercanvi dels Grups: Baladre de Muro i Sa Bodega d&#039;Eivissa: octubre de 2016 i gener de 2017. El Grup de Danses Baladre de Muro organitza un intercanvi cultural, amb L&#039;Associaci\u00f3 Cultural Colla sa Bodega d&#039;Eivissa, el nostre Grup Baladre viatja a la ciutat d&#039;Eivissa el dissabte 8 i diumenge 9 d&#039;octubre de 2016, on participarem\u00a0en la\u00a0&quot;XVI Mostra Folkl\u00f2rica Ciutat d&#039;Eivissa&quot;, convidats per l&#039;ajuntament de la Ciutat d&#039;Eivissa i per la Colla de Sa Bodega.\" \/>\r\n<meta name=\"robots\" content=\"index,follow\" \/>\r\n<link rel=\"canonical\" href=\"https:\/\/www.baladre.com\/index.php\/2016-2017-eivissa-2014-2015-ferreries-menorca\/\" \/>\r\n","_links":{"self":[{"href":"https:\/\/www.baladre.com\/index.php\/wp-json\/wp\/v2\/pages\/110","targetHints":{"allow":["GET"]}}],"collection":[{"href":"https:\/\/www.baladre.com\/index.php\/wp-json\/wp\/v2\/pages"}],"about":[{"href":"https:\/\/www.baladre.com\/index.php\/wp-json\/wp\/v2\/types\/page"}],"author":[{"embeddable":true,"href":"https:\/\/www.baladre.com\/index.php\/wp-json\/wp\/v2\/users\/2"}],"replies":[{"embeddable":true,"href":"https:\/\/www.baladre.com\/index.php\/wp-json\/wp\/v2\/comments?post=110"}],"version-history":[{"count":4,"href":"https:\/\/www.baladre.com\/index.php\/wp-json\/wp\/v2\/pages\/110\/revisions"}],"predecessor-version":[{"id":847,"href":"https:\/\/www.baladre.com\/index.php\/wp-json\/wp\/v2\/pages\/110\/revisions\/847"}],"wp:attachment":[{"href":"https:\/\/www.baladre.com\/index.php\/wp-json\/wp\/v2\/media?parent=110"}],"curies":[{"name":"wp","href":"https:\/\/api.w.org\/{rel}","templated":true}]}}